{"id":4379,"date":"2021-01-27T09:33:39","date_gmt":"2021-01-27T09:33:39","guid":{"rendered":"https:\/\/www.cerealveneta.it\/les-integrateurs-alimentaires\/"},"modified":"2023-05-05T16:50:17","modified_gmt":"2023-05-05T15:50:17","slug":"les-integrateurs-alimentaires","status":"publish","type":"page","link":"https:\/\/cerealveneta.it\/fr\/les-integrateurs-alimentaires\/","title":{"rendered":"Les int\u00e9grateurs alimentaires"},"content":{"rendered":"<section class=\"l-section wpb_row height_medium\"><div class=\"l-section-h i-cf\"><div class=\"g-cols vc_row via_flex valign_top type_default stacking_default\"><div class=\"vc_col-sm-12 wpb_column vc_column_container\"><div class=\"vc_column-inner\"><div class=\"wpb_wrapper\"><div class=\"g-cols wpb_row via_flex valign_top type_default stacking_default\"><div class=\"vc_col-sm-8 wpb_column vc_column_container\"><div class=\"vc_column-inner\"><div class=\"wpb_wrapper\"><div class=\"wpb_text_column\"><div class=\"wpb_wrapper\"><p>Les informations publicitaires de sant\u00e9 sont souvent recherch\u00e9es par les consommateurs. Parmi celles que l&rsquo;on trouve commun\u00e9ment sur les \u00e9tiquettes des produits, il y a la haute teneur en fibres, en prot\u00e9ines, en acides gras essentiels, en b\u00eata-glucanes et tant d&rsquo;autres.<\/p>\n<p>Ce qui est essentiel lors de la phase de d\u00e9veloppement d&rsquo;un produit avec de telles caract\u00e9ristiques, c&rsquo;est de r\u00e9ussir \u00e0 utiliser les bons ingr\u00e9dients pour atteindre les niveaux des diff\u00e9rents \u00e9l\u00e9ments nutritionnels n\u00e9cessaires pour pouvoir faire de la publicit\u00e9 sur une information d\u00e9termin\u00e9e.<\/p>\n<p>C&rsquo;est pour cela que <strong>CerealVeneta<\/strong>, \u00e0 travers une s\u00e9lection cibl\u00e9e des mati\u00e8res premi\u00e8res et des d\u00e9riv\u00e9s aff\u00e9rents, parvient \u00e0 identifier l&rsquo;apport optimal des principes nutritifs demand\u00e9s pour que l&rsquo;information puisse \u00eatre \u00e9tiquet\u00e9e sur le produit, en surveillant constamment la concentration au moyen d&rsquo;analyses appropri\u00e9es. Enfin, l&rsquo;application de processus sp\u00e9cifiques et exclusivement physiques, tels que le traitement thermique \u00e0 sec, permettent d&rsquo;augmenter la teneur des valeurs nutritionnelles recherch\u00e9es pour que l&rsquo;informations puisse figurer sur le produit fini.<\/p>\n<\/div><\/div><\/div><\/div><\/div><div class=\"vc_col-sm-4 wpb_column vc_column_container\"><div class=\"vc_column-inner\"><div class=\"wpb_wrapper\"><div class=\"w-image align_none\"><div class=\"w-image-h\"><img width=\"2400\" height=\"1600\" src=\"https:\/\/cerealveneta.it\/wp-content\/uploads\/2023\/05\/Bars.jpg\" class=\"attachment-full size-full\" alt=\"\" loading=\"lazy\" srcset=\"https:\/\/cerealveneta.it\/wp-content\/uploads\/2023\/05\/Bars.jpg 2400w, https:\/\/cerealveneta.it\/wp-content\/uploads\/2023\/05\/Bars-300x200.jpg 300w, https:\/\/cerealveneta.it\/wp-content\/uploads\/2023\/05\/Bars-1024x683.jpg 1024w, https:\/\/cerealveneta.it\/wp-content\/uploads\/2023\/05\/Bars-600x400.jpg 600w\" sizes=\"(max-width: 2400px) 100vw, 2400px\" \/><\/div><\/div><\/div><\/div><\/div><\/div><\/div><\/div><\/div><\/div><\/div><\/section><section class=\"l-section wpb_row height_medium\"><div class=\"l-section-h i-cf\"><div class=\"g-cols vc_row via_flex valign_top type_default stacking_default\"><div class=\"vc_col-sm-12 wpb_column vc_column_container\"><div class=\"vc_column-inner\"><div class=\"wpb_wrapper\"><div class=\"wpb_text_column\"><div class=\"wpb_wrapper\"><h4>Quelques solutions pour Les int\u00e9grateurs alimentaires<\/h4>\n<\/div><\/div><div class=\"w-grid type_grid layout_2592 cols_4 overflow_hidden\" id=\"color-shade\"><style>#color-shade .w-grid-item{padding:1.5rem}#color-shade .w-grid-list{margin:-1.5rem}.w-grid + #color-shade .w-grid-list,.w-grid-none + #color-shade .w-grid-list{margin-top:1.5rem}@media (max-width:1199px){#color-shade .w-grid-item{width:33.3333%}}@media (max-width:899px){#color-shade .w-grid-item{width:50%}}@media (max-width:599px){#color-shade .w-grid-list{margin:0}#color-shade .w-grid-item{width:100%;padding:0;margin-bottom:1.5rem}}.layout_2592 .w-grid-item-h{background:#fff;color:#333;border-radius:0.3rem;box-shadow:0 0.03rem 0.06rem rgba(0,0,0,0.1),0 0.1rem 0.3rem rgba(0,0,0,0.1);transition-duration:0.3s}.no-touch .layout_2592 .w-grid-item-h:hover{box-shadow:0 0.1rem 0.2rem rgba(0,0,0,0.1),0 0.33rem 1rem rgba(0,0,0,0.15);z-index:4}.layout_2592 .usg_post_title_1{font-weight:700!important;font-size:19.2px!important;line-height:1.2!important;padding:15px 10px 15px 10px!important}<\/style><div class=\"w-grid-list\">\t<article class=\"w-grid-item size_1x1 post-5430 semilavorati type-semilavorati status-publish has-post-thumbnail hentry category-non-classifiee\" data-id=\"5430\">\r\n\t\t<div class=\"w-grid-item-h\">\r\n\t\t\t\t\t\t<div class=\"w-post-elm post_image usg_post_image_1 has_ratio\"><div style=\"padding-bottom:75%\"><\/div><a href=\"https:\/\/cerealveneta.it\/fr\/semi-finis\/farine-de-tournesol-toaste\/\" aria-label=\"Farine de tournesol toast\u00e9\"><img width=\"600\" height=\"400\" src=\"https:\/\/cerealveneta.it\/wp-content\/uploads\/2023\/03\/Farina-Pannello-Girasole_sq-600x400.jpg\" class=\"attachment-us_600_400_crop size-us_600_400_crop wp-post-image\" alt=\"\" loading=\"lazy\" \/><\/a><\/div><div class=\"w-vwrapper usg_vwrapper_1 align_left valign_top\"><h2 class=\"w-post-elm post_title usg_post_title_1 entry-title color_link_inherit\"><a href=\"https:\/\/cerealveneta.it\/fr\/semi-finis\/farine-de-tournesol-toaste\/\">Farine de tournesol toast\u00e9<\/a><\/h2><\/div>\t\t<\/div>\r\n\t<\/article>\r\n\t<article class=\"w-grid-item size_1x1 post-5464 semilavorati type-semilavorati status-publish has-post-thumbnail hentry category-avoine category-son\" data-id=\"5464\">\r\n\t\t<div class=\"w-grid-item-h\">\r\n\t\t\t\t\t\t<div class=\"w-post-elm post_image usg_post_image_1 has_ratio\"><div style=\"padding-bottom:75%\"><\/div><a href=\"https:\/\/cerealveneta.it\/fr\/semi-finis\/son-davoine-toaste\/\" aria-label=\"Son d&rsquo;avoine toast\u00e9\"><img width=\"600\" height=\"400\" src=\"https:\/\/cerealveneta.it\/wp-content\/uploads\/2023\/05\/Crusca-Avena-Tostata_sq-600x400.jpg\" class=\"attachment-us_600_400_crop size-us_600_400_crop wp-post-image\" alt=\"\" loading=\"lazy\" \/><\/a><\/div><div class=\"w-vwrapper usg_vwrapper_1 align_left valign_top\"><h2 class=\"w-post-elm post_title usg_post_title_1 entry-title color_link_inherit\"><a href=\"https:\/\/cerealveneta.it\/fr\/semi-finis\/son-davoine-toaste\/\">Son d&rsquo;avoine toast\u00e9<\/a><\/h2><\/div>\t\t<\/div>\r\n\t<\/article>\r\n<\/div><div class=\"w-grid-preloader\"><div class=\"g-preloader type_1\">\r\n\t<div><\/div>\r\n<\/div>\r\n<\/div>\t<div class=\"w-grid-json hidden\" onclick='return {&quot;action&quot;:&quot;us_ajax_grid&quot;,&quot;ajax_url&quot;:&quot;https:\\\/\\\/cerealveneta.it\\\/wp-admin\\\/admin-ajax.php&quot;,&quot;infinite_scroll&quot;:0,&quot;max_num_pages&quot;:1,&quot;pagination&quot;:&quot;none&quot;,&quot;permalink_url&quot;:&quot;https:\\\/\\\/cerealveneta.it\\\/fr\\\/wp-json\\\/wp\\\/v2\\\/pages\\\/4379\\\/&quot;,&quot;template_vars&quot;:{&quot;columns&quot;:&quot;4&quot;,&quot;exclude_items&quot;:&quot;none&quot;,&quot;img_size&quot;:&quot;default&quot;,&quot;ignore_items_size&quot;:0,&quot;items_layout&quot;:&quot;2592&quot;,&quot;items_offset&quot;:&quot;1&quot;,&quot;load_animation&quot;:&quot;none&quot;,&quot;overriding_link&quot;:&quot;none&quot;,&quot;post_id&quot;:4379,&quot;query_args&quot;:{&quot;ignore_sticky_posts&quot;:1,&quot;post_type&quot;:&quot;any&quot;,&quot;post__in&quot;:[&quot;3064&quot;,&quot;3103&quot;],&quot;posts_per_page&quot;:&quot;10&quot;},&quot;orderby_query_args&quot;:{&quot;orderby&quot;:{&quot;title&quot;:&quot;ASC&quot;},&quot;order&quot;:&quot;ASC&quot;},&quot;type&quot;:&quot;grid&quot;,&quot;us_grid_ajax_index&quot;:1,&quot;us_grid_filter_params&quot;:null,&quot;us_grid_index&quot;:1,&quot;_us_grid_post_type&quot;:&quot;ids&quot;,&quot;lang&quot;:&quot;fr&quot;}}'><\/div>\r\n\t<\/div><div class=\"w-separator size_medium\"><\/div><section class=\"l-section wpb_row height_small\"><div class=\"l-section-overlay\" style=\"background:#f5f5f5\"><\/div><div class=\"l-section-h i-cf\"><div class=\"g-cols vc_row via_flex valign_middle type_default stacking_default\"><div class=\"vc_col-sm-8 wpb_column vc_column_container\"><div class=\"vc_column-inner\"><div class=\"wpb_wrapper\"><div class=\"wpb_text_column\"><div class=\"wpb_wrapper\"><h4>Mettez-vous en contact avec nos techniciens pour \u00e9valuer d&rsquo; autres solutions pour Son d&rsquo;avoine toast\u00e9<\/h4>\n<\/div><\/div><\/div><\/div><\/div><div class=\"vc_col-sm-4 wpb_column vc_column_container\"><div class=\"vc_column-inner\"><div class=\"wpb_wrapper\"><div class=\"w-btn-wrapper align_center\"><a class=\"w-btn us-btn-style_1\" title=\"Contact\" href=\"https:\/\/cerealveneta.it\/fr\/contact\/\"><span class=\"w-btn-label\">CONTACTEZ-NOUS<\/span><\/a><\/div><\/div><\/div><\/div><\/div><\/div><\/section>\n<\/div><\/div><\/div><\/div><\/div><\/section><section class=\"l-section wpb_row height_medium\"><div class=\"l-section-h i-cf\"><div class=\"g-cols vc_row via_flex valign_top type_default stacking_default\"><div class=\"vc_col-sm-12 wpb_column vc_column_container\"><div class=\"vc_column-inner\"><div class=\"wpb_wrapper\"><div class=\"wpb_text_column\"><div class=\"wpb_wrapper\"><h4>Contenus d&rsquo;approfondiment<\/h4>\n<\/div><\/div><div class=\"w-grid type_grid layout_2592 cols_4 overflow_hidden\" id=\"color-shade\"><style>#color-shade .w-grid-item{padding:1.5rem}#color-shade .w-grid-list{margin:-1.5rem}.w-grid + #color-shade .w-grid-list,.w-grid-none + #color-shade .w-grid-list{margin-top:1.5rem}@media (max-width:1199px){#color-shade .w-grid-item{width:33.3333%}}@media (max-width:899px){#color-shade .w-grid-item{width:50%}}@media (max-width:599px){#color-shade .w-grid-list{margin:0}#color-shade .w-grid-item{width:100%;padding:0;margin-bottom:1.5rem}}<\/style><div class=\"w-grid-list\">\t<article class=\"w-grid-item size_1x1 post-5556 post type-post status-publish format-standard has-post-thumbnail hentry category-nouvelles\" data-id=\"5556\">\r\n\t\t<div class=\"w-grid-item-h\">\r\n\t\t\t\t\t\t<div class=\"w-post-elm post_image usg_post_image_1 has_ratio\"><div style=\"padding-bottom:75%\"><\/div><a href=\"https:\/\/cerealveneta.it\/fr\/can-oxidation-and-lipase-issues-in-semi-finished-products-be-avoided-without-using-e-numbers\/\" aria-label=\"L&rsquo;oxydation et les lipases dans les produits semi-finis peuvent-elles \u00eatre emp\u00each\u00e9es sans \u201cE\u201d number ?\"><img width=\"600\" height=\"338\" src=\"https:\/\/cerealveneta.it\/wp-content\/uploads\/2020\/05\/copertina.jpg\" class=\"attachment-us_600_400_crop size-us_600_400_crop wp-post-image\" alt=\"\" loading=\"lazy\" srcset=\"https:\/\/cerealveneta.it\/wp-content\/uploads\/2020\/05\/copertina.jpg 1424w, https:\/\/cerealveneta.it\/wp-content\/uploads\/2020\/05\/copertina-300x169.jpg 300w, https:\/\/cerealveneta.it\/wp-content\/uploads\/2020\/05\/copertina-1024x576.jpg 1024w\" sizes=\"(max-width: 600px) 100vw, 600px\" \/><\/a><\/div><div class=\"w-vwrapper usg_vwrapper_1 align_left valign_top\"><h2 class=\"w-post-elm post_title usg_post_title_1 entry-title color_link_inherit\"><a href=\"https:\/\/cerealveneta.it\/fr\/can-oxidation-and-lipase-issues-in-semi-finished-products-be-avoided-without-using-e-numbers\/\">L&rsquo;oxydation et les lipases dans les produits semi-finis peuvent-elles \u00eatre emp\u00each\u00e9es sans \u201cE\u201d number ?<\/a><\/h2><\/div>\t\t<\/div>\r\n\t<\/article>\r\n<\/div><div class=\"w-grid-preloader\"><div class=\"g-preloader type_1\">\r\n\t<div><\/div>\r\n<\/div>\r\n<\/div>\t<div class=\"w-grid-json hidden\" onclick='return {&quot;action&quot;:&quot;us_ajax_grid&quot;,&quot;ajax_url&quot;:&quot;https:\\\/\\\/cerealveneta.it\\\/wp-admin\\\/admin-ajax.php&quot;,&quot;infinite_scroll&quot;:0,&quot;max_num_pages&quot;:1,&quot;pagination&quot;:&quot;none&quot;,&quot;permalink_url&quot;:&quot;https:\\\/\\\/cerealveneta.it\\\/fr\\\/wp-json\\\/wp\\\/v2\\\/pages\\\/4379\\\/&quot;,&quot;template_vars&quot;:{&quot;columns&quot;:&quot;4&quot;,&quot;exclude_items&quot;:&quot;none&quot;,&quot;img_size&quot;:&quot;default&quot;,&quot;ignore_items_size&quot;:0,&quot;items_layout&quot;:&quot;2592&quot;,&quot;items_offset&quot;:&quot;1&quot;,&quot;load_animation&quot;:&quot;none&quot;,&quot;overriding_link&quot;:&quot;none&quot;,&quot;post_id&quot;:5464,&quot;query_args&quot;:{&quot;ignore_sticky_posts&quot;:1,&quot;post_type&quot;:&quot;any&quot;,&quot;post__in&quot;:[&quot;1901&quot;],&quot;posts_per_page&quot;:&quot;10&quot;},&quot;orderby_query_args&quot;:{&quot;orderby&quot;:{&quot;title&quot;:&quot;ASC&quot;},&quot;order&quot;:&quot;ASC&quot;},&quot;type&quot;:&quot;grid&quot;,&quot;us_grid_ajax_index&quot;:1,&quot;us_grid_filter_params&quot;:null,&quot;us_grid_index&quot;:2,&quot;_us_grid_post_type&quot;:&quot;ids&quot;,&quot;lang&quot;:&quot;fr&quot;}}'><\/div>\r\n\t<\/div><\/div><\/div><\/div><\/div><\/div><\/section>\n","protected":false},"excerpt":{"rendered":"Les caract\u00e9ristiques nutritionnelles et fonctionnelles des produits int\u00e9graux Dans la nature, les graines de c\u00e9r\u00e9ales, les l\u00e9gumineuses, les grains sp\u00e9ciaux et mineurs se composent principalement de substances nutritives telles que les glucides, les prot\u00e9ines, les graisses et en partie de fibres. Les compl\u00e9ments nutritionnels tels que les vitamines, les min\u00e9raux, les enzymes, les antioxydants et...","protected":false},"author":1,"featured_media":9146,"parent":0,"menu_order":0,"comment_status":"closed","ping_status":"closed","template":"","meta":[],"_links":{"self":[{"href":"https:\/\/cerealveneta.it\/fr\/wp-json\/wp\/v2\/pages\/4379"}],"collection":[{"href":"https:\/\/cerealveneta.it\/fr\/wp-json\/wp\/v2\/pages"}],"about":[{"href":"https:\/\/cerealveneta.it\/fr\/wp-json\/wp\/v2\/types\/page"}],"author":[{"embeddable":true,"href":"https:\/\/cerealveneta.it\/fr\/wp-json\/wp\/v2\/users\/1"}],"replies":[{"embeddable":true,"href":"https:\/\/cerealveneta.it\/fr\/wp-json\/wp\/v2\/comments?post=4379"}],"version-history":[{"count":5,"href":"https:\/\/cerealveneta.it\/fr\/wp-json\/wp\/v2\/pages\/4379\/revisions"}],"predecessor-version":[{"id":9202,"href":"https:\/\/cerealveneta.it\/fr\/wp-json\/wp\/v2\/pages\/4379\/revisions\/9202"}],"wp:featuredmedia":[{"embeddable":true,"href":"https:\/\/cerealveneta.it\/fr\/wp-json\/wp\/v2\/media\/9146"}],"wp:attachment":[{"href":"https:\/\/cerealveneta.it\/fr\/wp-json\/wp\/v2\/media?parent=4379"}],"curies":[{"name":"wp","href":"https:\/\/api.w.org\/{rel}","templated":true}]}}