{"id":4372,"date":"2020-10-08T16:08:20","date_gmt":"2020-10-08T15:08:20","guid":{"rendered":"https:\/\/www.cerealveneta.it\/les-galettes\/"},"modified":"2023-05-05T16:46:34","modified_gmt":"2023-05-05T15:46:34","slug":"les-galettes","status":"publish","type":"page","link":"https:\/\/cerealveneta.it\/fr\/les-galettes\/","title":{"rendered":"Les galettes"},"content":{"rendered":"<section class=\"l-section wpb_row height_medium\"><div class=\"l-section-h i-cf\"><div class=\"g-cols vc_row via_flex valign_top type_default stacking_default\"><div class=\"vc_col-sm-12 wpb_column vc_column_container\"><div class=\"vc_column-inner\"><div class=\"wpb_wrapper\"><div class=\"g-cols wpb_row via_flex valign_top type_default stacking_default\"><div class=\"vc_col-sm-8 wpb_column vc_column_container\"><div class=\"vc_column-inner\"><div class=\"wpb_wrapper\"><div class=\"wpb_text_column\"><div class=\"wpb_wrapper\"><p>Le galettes sont des produits souffl\u00e9s par excellence. Dans ce domaine, de nombreuses mati\u00e8res premi\u00e8res sont utilis\u00e9es, avec ou sans gluten.<\/p>\n<p>La base des galettes se compose habituellement de ma\u00efs ou de riz \u00e0 laquelle on ajoute des graines enti\u00e8res ou des granules de diff\u00e9rents types, pour pouvoir personnaliser le produit fini.<br \/>\nLes difficult\u00e9s pouvant souvent appara\u00eetre sont li\u00e9es au go\u00fbt des mati\u00e8res premi\u00e8res telles que les l\u00e9gumineuses ou \u00e0 la stabilit\u00e9 des graines ol\u00e9agineuses et des c\u00e9r\u00e9ales compl\u00e8tes.<\/p>\n<p><strong>CerealVeneta<\/strong> applique des processus de traitement thermique sp\u00e9cifiques pour chaque mati\u00e8re premi\u00e8re, permettant d&rsquo;atteindre un degr\u00e9 de stabilit\u00e9 optimale, tout en \u00e9vitant la formation de saveurs anormales provenant par exemple des graines ol\u00e9agineuses. Il est par ailleurs possible de s\u00e9lectionner une granulom\u00e9trie sp\u00e9cifique capable de s&rsquo;adapter au processus de production de chaque client.<\/p>\n<\/div><\/div><\/div><\/div><\/div><div class=\"vc_col-sm-4 wpb_column vc_column_container\"><div class=\"vc_column-inner\"><div class=\"wpb_wrapper\"><div class=\"w-image align_none\"><div class=\"w-image-h\"><img width=\"300\" height=\"200\" src=\"https:\/\/cerealveneta.it\/wp-content\/uploads\/2023\/05\/Cakes-300x200.jpg\" class=\"attachment-medium size-medium\" alt=\"\" loading=\"lazy\" srcset=\"https:\/\/cerealveneta.it\/wp-content\/uploads\/2023\/05\/Cakes-300x200.jpg 300w, https:\/\/cerealveneta.it\/wp-content\/uploads\/2023\/05\/Cakes-1024x683.jpg 1024w, https:\/\/cerealveneta.it\/wp-content\/uploads\/2023\/05\/Cakes-600x400.jpg 600w\" sizes=\"(max-width: 300px) 100vw, 300px\" \/><\/div><\/div><\/div><\/div><\/div><\/div><\/div><\/div><\/div><\/div><\/div><\/section><section class=\"l-section wpb_row height_medium\"><div class=\"l-section-h i-cf\"><div class=\"g-cols vc_row via_flex valign_top type_default stacking_default\"><div class=\"vc_col-sm-12 wpb_column vc_column_container\"><div class=\"vc_column-inner\"><div class=\"wpb_wrapper\"><div class=\"wpb_text_column\"><div class=\"wpb_wrapper\"><h4>Quelques solutions pour Les galettes<\/h4>\n<\/div><\/div><div class=\"w-grid type_grid layout_2592 cols_4 overflow_hidden\" id=\"color-shade\"><style>#color-shade .w-grid-item{padding:1.5rem}#color-shade .w-grid-list{margin:-1.5rem}.w-grid + #color-shade .w-grid-list,.w-grid-none + #color-shade .w-grid-list{margin-top:1.5rem}@media (max-width:1199px){#color-shade .w-grid-item{width:33.3333%}}@media (max-width:899px){#color-shade .w-grid-item{width:50%}}@media (max-width:599px){#color-shade .w-grid-list{margin:0}#color-shade .w-grid-item{width:100%;padding:0;margin-bottom:1.5rem}}.layout_2592 .w-grid-item-h{background:#fff;color:#333;border-radius:0.3rem;box-shadow:0 0.03rem 0.06rem rgba(0,0,0,0.1),0 0.1rem 0.3rem rgba(0,0,0,0.1);transition-duration:0.3s}.no-touch .layout_2592 .w-grid-item-h:hover{box-shadow:0 0.1rem 0.2rem rgba(0,0,0,0.1),0 0.33rem 1rem rgba(0,0,0,0.15);z-index:4}.layout_2592 .usg_post_title_1{font-weight:700!important;font-size:19.2px!important;line-height:1.2!important;padding:15px 10px 15px 10px!important}<\/style><div class=\"w-grid-list\">\t<article class=\"w-grid-item size_1x1 post-5431 semilavorati type-semilavorati status-publish has-post-thumbnail hentry category-intero-fr category-graines category-lin category-torrefaction\" data-id=\"5431\">\r\n\t\t<div class=\"w-grid-item-h\">\r\n\t\t\t\t\t\t<div class=\"w-post-elm post_image usg_post_image_1 has_ratio\"><div style=\"padding-bottom:75%\"><\/div><a href=\"https:\/\/cerealveneta.it\/fr\/semi-finis\/graines-de-lin-brun-toaste\/\" aria-label=\"Graines de lin brun toast\u00e9\"><img width=\"472\" height=\"354\" src=\"https:\/\/cerealveneta.it\/wp-content\/uploads\/2020\/10\/Semi-di-lino-scuro-tostati.jpg\" class=\"attachment-us_600_400_crop size-us_600_400_crop wp-post-image\" alt=\"\" loading=\"lazy\" srcset=\"https:\/\/cerealveneta.it\/wp-content\/uploads\/2020\/10\/Semi-di-lino-scuro-tostati.jpg 472w, https:\/\/cerealveneta.it\/wp-content\/uploads\/2020\/10\/Semi-di-lino-scuro-tostati-300x225.jpg 300w\" sizes=\"(max-width: 472px) 100vw, 472px\" \/><\/a><\/div><div class=\"w-vwrapper usg_vwrapper_1 align_left valign_top\"><h2 class=\"w-post-elm post_title usg_post_title_1 entry-title color_link_inherit\"><a href=\"https:\/\/cerealveneta.it\/fr\/semi-finis\/graines-de-lin-brun-toaste\/\">Graines de lin brun toast\u00e9<\/a><\/h2><\/div>\t\t<\/div>\r\n\t<\/article>\r\n<\/div><div class=\"w-grid-preloader\"><div class=\"g-preloader type_1\">\r\n\t<div><\/div>\r\n<\/div>\r\n<\/div>\t<div class=\"w-grid-json hidden\" onclick='return {&quot;action&quot;:&quot;us_ajax_grid&quot;,&quot;ajax_url&quot;:&quot;https:\\\/\\\/cerealveneta.it\\\/wp-admin\\\/admin-ajax.php&quot;,&quot;infinite_scroll&quot;:0,&quot;max_num_pages&quot;:1,&quot;pagination&quot;:&quot;none&quot;,&quot;permalink_url&quot;:&quot;https:\\\/\\\/cerealveneta.it\\\/fr\\\/wp-json\\\/wp\\\/v2\\\/pages\\\/4372\\\/&quot;,&quot;template_vars&quot;:{&quot;columns&quot;:&quot;4&quot;,&quot;exclude_items&quot;:&quot;none&quot;,&quot;img_size&quot;:&quot;default&quot;,&quot;ignore_items_size&quot;:0,&quot;items_layout&quot;:&quot;2592&quot;,&quot;items_offset&quot;:&quot;1&quot;,&quot;load_animation&quot;:&quot;none&quot;,&quot;overriding_link&quot;:&quot;none&quot;,&quot;post_id&quot;:4372,&quot;query_args&quot;:{&quot;ignore_sticky_posts&quot;:1,&quot;post_type&quot;:&quot;any&quot;,&quot;post__in&quot;:[&quot;3069&quot;,&quot;3088&quot;],&quot;posts_per_page&quot;:&quot;10&quot;},&quot;orderby_query_args&quot;:{&quot;orderby&quot;:{&quot;title&quot;:&quot;ASC&quot;},&quot;order&quot;:&quot;ASC&quot;},&quot;type&quot;:&quot;grid&quot;,&quot;us_grid_ajax_index&quot;:1,&quot;us_grid_filter_params&quot;:null,&quot;us_grid_index&quot;:1,&quot;_us_grid_post_type&quot;:&quot;ids&quot;,&quot;lang&quot;:&quot;fr&quot;}}'><\/div>\r\n\t<\/div><div class=\"w-separator size_medium\"><\/div><section class=\"l-section wpb_row height_small\"><div class=\"l-section-overlay\" style=\"background:#f5f5f5\"><\/div><div class=\"l-section-h i-cf\"><div class=\"g-cols vc_row via_flex valign_middle type_default stacking_default\"><div class=\"vc_col-sm-8 wpb_column vc_column_container\"><div class=\"vc_column-inner\"><div class=\"wpb_wrapper\"><div class=\"wpb_text_column\"><div class=\"wpb_wrapper\"><h4>Mettez-vous en contact avec nos techniciens pour \u00e9valuer d&rsquo; autres solutions pour Graines de lin brun toast\u00e9<\/h4>\n<\/div><\/div><\/div><\/div><\/div><div class=\"vc_col-sm-4 wpb_column vc_column_container\"><div class=\"vc_column-inner\"><div class=\"wpb_wrapper\"><div class=\"w-btn-wrapper align_center\"><a class=\"w-btn us-btn-style_1\" title=\"Contact\" href=\"https:\/\/cerealveneta.it\/fr\/contact\/\"><span class=\"w-btn-label\">CONTACTEZ-NOUS<\/span><\/a><\/div><\/div><\/div><\/div><\/div><\/div><\/section>\n<\/div><\/div><\/div><\/div><\/div><\/section><section class=\"l-section wpb_row height_medium\"><div class=\"l-section-h i-cf\"><div class=\"g-cols vc_row via_flex valign_top type_default stacking_default\"><div class=\"vc_col-sm-12 wpb_column vc_column_container\"><div class=\"vc_column-inner\"><div class=\"wpb_wrapper\"><div class=\"wpb_text_column\"><div class=\"wpb_wrapper\"><h4>Contenus d&rsquo;approfondiment<\/h4>\n<\/div><\/div><div class=\"w-grid type_grid layout_2592 cols_4 overflow_hidden\" id=\"color-shade\"><style>#color-shade .w-grid-item{padding:1.5rem}#color-shade .w-grid-list{margin:-1.5rem}.w-grid + #color-shade .w-grid-list,.w-grid-none + #color-shade .w-grid-list{margin-top:1.5rem}@media (max-width:1199px){#color-shade .w-grid-item{width:33.3333%}}@media (max-width:899px){#color-shade .w-grid-item{width:50%}}@media (max-width:599px){#color-shade .w-grid-list{margin:0}#color-shade .w-grid-item{width:100%;padding:0;margin-bottom:1.5rem}}<\/style><div class=\"w-grid-list\">\t<article class=\"w-grid-item size_1x1 post-5573 post type-post status-publish format-standard has-post-thumbnail hentry category-nouvelles\" data-id=\"5573\">\r\n\t\t<div class=\"w-grid-item-h\">\r\n\t\t\t\t\t\t<div class=\"w-post-elm post_image usg_post_image_1 has_ratio\"><div style=\"padding-bottom:75%\"><\/div><a href=\"https:\/\/cerealveneta.it\/fr\/pulses-gritz\/\" aria-label=\"Grits de l\u00e9gumineuses\"><img width=\"600\" height=\"338\" src=\"https:\/\/cerealveneta.it\/wp-content\/uploads\/2020\/02\/mix-gritz-e-mp.jpg\" class=\"attachment-us_600_400_crop size-us_600_400_crop wp-post-image\" alt=\"\" loading=\"lazy\" srcset=\"https:\/\/cerealveneta.it\/wp-content\/uploads\/2020\/02\/mix-gritz-e-mp.jpg 1280w, https:\/\/cerealveneta.it\/wp-content\/uploads\/2020\/02\/mix-gritz-e-mp-300x169.jpg 300w, https:\/\/cerealveneta.it\/wp-content\/uploads\/2020\/02\/mix-gritz-e-mp-1024x576.jpg 1024w\" sizes=\"(max-width: 600px) 100vw, 600px\" \/><\/a><\/div><div class=\"w-vwrapper usg_vwrapper_1 align_left valign_top\"><h2 class=\"w-post-elm post_title usg_post_title_1 entry-title color_link_inherit\"><a href=\"https:\/\/cerealveneta.it\/fr\/pulses-gritz\/\">Grits de l\u00e9gumineuses<\/a><\/h2><\/div>\t\t<\/div>\r\n\t<\/article>\r\n\t<article class=\"w-grid-item size_1x1 post-5556 post type-post status-publish format-standard has-post-thumbnail hentry\" data-id=\"5556\">\r\n\t\t<div class=\"w-grid-item-h\">\r\n\t\t\t\t\t\t<div class=\"w-post-elm post_image usg_post_image_1 has_ratio\"><div style=\"padding-bottom:75%\"><\/div><a href=\"https:\/\/cerealveneta.it\/fr\/can-oxidation-and-lipase-issues-in-semi-finished-products-be-avoided-without-using-e-numbers\/\" aria-label=\"L&rsquo;oxydation et les lipases dans les produits semi-finis peuvent-elles \u00eatre emp\u00each\u00e9es sans \u201cE\u201d number ?\"><img width=\"600\" height=\"338\" src=\"https:\/\/cerealveneta.it\/wp-content\/uploads\/2020\/05\/copertina.jpg\" class=\"attachment-us_600_400_crop size-us_600_400_crop wp-post-image\" alt=\"\" loading=\"lazy\" srcset=\"https:\/\/cerealveneta.it\/wp-content\/uploads\/2020\/05\/copertina.jpg 1424w, https:\/\/cerealveneta.it\/wp-content\/uploads\/2020\/05\/copertina-300x169.jpg 300w, https:\/\/cerealveneta.it\/wp-content\/uploads\/2020\/05\/copertina-1024x576.jpg 1024w\" sizes=\"(max-width: 600px) 100vw, 600px\" \/><\/a><\/div><div class=\"w-vwrapper usg_vwrapper_1 align_left valign_top\"><h2 class=\"w-post-elm post_title usg_post_title_1 entry-title color_link_inherit\"><a href=\"https:\/\/cerealveneta.it\/fr\/can-oxidation-and-lipase-issues-in-semi-finished-products-be-avoided-without-using-e-numbers\/\">L&rsquo;oxydation et les lipases dans les produits semi-finis peuvent-elles \u00eatre emp\u00each\u00e9es sans \u201cE\u201d number ?<\/a><\/h2><\/div>\t\t<\/div>\r\n\t<\/article>\r\n\t<article class=\"w-grid-item size_1x1 post-5572 post type-post status-publish format-standard has-post-thumbnail hentry\" data-id=\"5572\">\r\n\t\t<div class=\"w-grid-item-h\">\r\n\t\t\t\t\t\t<div class=\"w-post-elm post_image usg_post_image_1 has_ratio\"><div style=\"padding-bottom:75%\"><\/div><a href=\"https:\/\/cerealveneta.it\/fr\/functional-oilseeds\/\" aria-label=\"Les graines ol\u00e9agineuses fonctionnelles\"><img width=\"600\" height=\"338\" src=\"https:\/\/cerealveneta.it\/wp-content\/uploads\/2020\/02\/copertina-news-sito.jpg\" class=\"attachment-us_600_400_crop size-us_600_400_crop wp-post-image\" alt=\"\" loading=\"lazy\" srcset=\"https:\/\/cerealveneta.it\/wp-content\/uploads\/2020\/02\/copertina-news-sito.jpg 1280w, https:\/\/cerealveneta.it\/wp-content\/uploads\/2020\/02\/copertina-news-sito-300x169.jpg 300w, https:\/\/cerealveneta.it\/wp-content\/uploads\/2020\/02\/copertina-news-sito-1024x576.jpg 1024w\" sizes=\"(max-width: 600px) 100vw, 600px\" \/><\/a><\/div><div class=\"w-vwrapper usg_vwrapper_1 align_left valign_top\"><h2 class=\"w-post-elm post_title usg_post_title_1 entry-title color_link_inherit\"><a href=\"https:\/\/cerealveneta.it\/fr\/functional-oilseeds\/\">Les graines ol\u00e9agineuses fonctionnelles<\/a><\/h2><\/div>\t\t<\/div>\r\n\t<\/article>\r\n\t<article class=\"w-grid-item size_1x1 post-5562 post type-post status-publish format-standard has-post-thumbnail hentry\" data-id=\"5562\">\r\n\t\t<div class=\"w-grid-item-h\">\r\n\t\t\t\t\t\t<div class=\"w-post-elm post_image usg_post_image_1 has_ratio\"><div style=\"padding-bottom:75%\"><\/div><a href=\"https:\/\/cerealveneta.it\/fr\/how-cerealveneta-qualifies-and-enhances-the-fatty-part-of-its-products\/\" aria-label=\"Qualification et mise en valeur de la partie grasse selon CerealVeneta\"><img width=\"600\" height=\"338\" src=\"https:\/\/cerealveneta.it\/wp-content\/uploads\/2019\/09\/montaggio-semi-e-chia-2.jpg\" class=\"attachment-us_600_400_crop size-us_600_400_crop wp-post-image\" alt=\"\" loading=\"lazy\" srcset=\"https:\/\/cerealveneta.it\/wp-content\/uploads\/2019\/09\/montaggio-semi-e-chia-2.jpg 1280w, https:\/\/cerealveneta.it\/wp-content\/uploads\/2019\/09\/montaggio-semi-e-chia-2-300x169.jpg 300w, https:\/\/cerealveneta.it\/wp-content\/uploads\/2019\/09\/montaggio-semi-e-chia-2-1024x576.jpg 1024w\" sizes=\"(max-width: 600px) 100vw, 600px\" \/><\/a><\/div><div class=\"w-vwrapper usg_vwrapper_1 align_left valign_top\"><h2 class=\"w-post-elm post_title usg_post_title_1 entry-title color_link_inherit\"><a href=\"https:\/\/cerealveneta.it\/fr\/how-cerealveneta-qualifies-and-enhances-the-fatty-part-of-its-products\/\">Qualification et mise en valeur de la partie grasse selon CerealVeneta<\/a><\/h2><\/div>\t\t<\/div>\r\n\t<\/article>\r\n<\/div><div class=\"w-grid-preloader\"><div class=\"g-preloader type_1\">\r\n\t<div><\/div>\r\n<\/div>\r\n<\/div>\t<div class=\"w-grid-json hidden\" onclick='return {&quot;action&quot;:&quot;us_ajax_grid&quot;,&quot;ajax_url&quot;:&quot;https:\\\/\\\/cerealveneta.it\\\/wp-admin\\\/admin-ajax.php&quot;,&quot;infinite_scroll&quot;:0,&quot;max_num_pages&quot;:1,&quot;pagination&quot;:&quot;none&quot;,&quot;permalink_url&quot;:&quot;https:\\\/\\\/cerealveneta.it\\\/fr\\\/wp-json\\\/wp\\\/v2\\\/pages\\\/4372\\\/&quot;,&quot;template_vars&quot;:{&quot;columns&quot;:&quot;4&quot;,&quot;exclude_items&quot;:&quot;none&quot;,&quot;img_size&quot;:&quot;default&quot;,&quot;ignore_items_size&quot;:0,&quot;items_layout&quot;:&quot;2592&quot;,&quot;items_offset&quot;:&quot;1&quot;,&quot;load_animation&quot;:&quot;none&quot;,&quot;overriding_link&quot;:&quot;none&quot;,&quot;post_id&quot;:5431,&quot;query_args&quot;:{&quot;ignore_sticky_posts&quot;:1,&quot;post_type&quot;:&quot;any&quot;,&quot;post__in&quot;:[&quot;1720&quot;,&quot;1746&quot;,&quot;1901&quot;,&quot;168&quot;],&quot;posts_per_page&quot;:&quot;10&quot;},&quot;orderby_query_args&quot;:{&quot;orderby&quot;:{&quot;title&quot;:&quot;ASC&quot;},&quot;order&quot;:&quot;ASC&quot;},&quot;type&quot;:&quot;grid&quot;,&quot;us_grid_ajax_index&quot;:1,&quot;us_grid_filter_params&quot;:null,&quot;us_grid_index&quot;:2,&quot;_us_grid_post_type&quot;:&quot;ids&quot;,&quot;lang&quot;:&quot;fr&quot;}}'><\/div>\r\n\t<\/div><\/div><\/div><\/div><\/div><\/div><\/section>\n","protected":false},"excerpt":{"rendered":"CerealVeneta\u00a0poss\u00e8de une grande exp\u00e9rience sur le march\u00e9 des produits semi-finis de c\u00e9r\u00e9ales, de l\u00e9gumineuses et de graines particuli\u00e8res.\u00a0Son travail se base non seulement sur la production mais aussi sur une recherche et un d\u00e9veloppement continus effectu\u00e9s en rapport \u00e9troit avec la client\u00e8le.\u00a0Ce type de rapport a permis de comprendre les probl\u00e8mes quotidiens rencontr\u00e9s chez les...","protected":false},"author":1,"featured_media":9149,"parent":0,"menu_order":0,"comment_status":"closed","ping_status":"closed","template":"","meta":[],"_links":{"self":[{"href":"https:\/\/cerealveneta.it\/fr\/wp-json\/wp\/v2\/pages\/4372"}],"collection":[{"href":"https:\/\/cerealveneta.it\/fr\/wp-json\/wp\/v2\/pages"}],"about":[{"href":"https:\/\/cerealveneta.it\/fr\/wp-json\/wp\/v2\/types\/page"}],"author":[{"embeddable":true,"href":"https:\/\/cerealveneta.it\/fr\/wp-json\/wp\/v2\/users\/1"}],"replies":[{"embeddable":true,"href":"https:\/\/cerealveneta.it\/fr\/wp-json\/wp\/v2\/comments?post=4372"}],"version-history":[{"count":5,"href":"https:\/\/cerealveneta.it\/fr\/wp-json\/wp\/v2\/pages\/4372\/revisions"}],"predecessor-version":[{"id":9199,"href":"https:\/\/cerealveneta.it\/fr\/wp-json\/wp\/v2\/pages\/4372\/revisions\/9199"}],"wp:featuredmedia":[{"embeddable":true,"href":"https:\/\/cerealveneta.it\/fr\/wp-json\/wp\/v2\/media\/9149"}],"wp:attachment":[{"href":"https:\/\/cerealveneta.it\/fr\/wp-json\/wp\/v2\/media?parent=4372"}],"curies":[{"name":"wp","href":"https:\/\/api.w.org\/{rel}","templated":true}]}}