{"id":4370,"date":"2021-01-27T09:20:36","date_gmt":"2021-01-27T09:20:36","guid":{"rendered":"https:\/\/www.cerealveneta.it\/enrobage-garniture-barrettes\/"},"modified":"2023-05-05T16:36:00","modified_gmt":"2023-05-05T15:36:00","slug":"enrobage-garniture-barrettes","status":"publish","type":"page","link":"https:\/\/cerealveneta.it\/fr\/enrobage-garniture-barrettes\/","title":{"rendered":"Enrobage, garniture, barrettes"},"content":{"rendered":"<section class=\"l-section wpb_row height_medium\"><div class=\"l-section-h i-cf\"><div class=\"g-cols vc_row via_flex valign_top type_default stacking_default\"><div class=\"vc_col-sm-12 wpb_column vc_column_container\"><div class=\"vc_column-inner\"><div class=\"wpb_wrapper\"><div class=\"g-cols wpb_row via_flex valign_top type_default stacking_default\"><div class=\"vc_col-sm-8 wpb_column vc_column_container\"><div class=\"vc_column-inner\"><div class=\"wpb_wrapper\"><div class=\"wpb_text_column\"><div class=\"wpb_wrapper\"><p>Pour les produits de boulangerie tels que les p\u00e2tisseries et les snacks, on utilise souvent des ingr\u00e9dients tels que les graines, les granules, les sons, les flocons, pour embellir mais aussi pour offrir au produit un aspect naturel, comme rappel des mati\u00e8res premi\u00e8res utilis\u00e9es.<\/p>\n<p>Le facteur fondamental pour la s\u00e9lection des mati\u00e8res premi\u00e8res \u00e0 utiliser, c&rsquo;est la r\u00e9sistance m\u00e9canique lors du p\u00e9trissage tout comme la r\u00e9sistance aux processus thermiques de cuisson, pour maintenir la structure et la couleur jusqu&rsquo;\u00e0 la fin du processus de production.<\/p>\n<p>Pour obtenir des produits semi-finis qui respectent ces exigences, <strong>CerealVeneta<\/strong>, s\u00e9lectionne soigneusement les mati\u00e8res premi\u00e8res les plus r\u00e9sistantes, puis applique des processus de cryobroyage et de calibration sp\u00e9cifiques.<\/p>\n<\/div><\/div><\/div><\/div><\/div><div class=\"vc_col-sm-4 wpb_column vc_column_container\"><div class=\"vc_column-inner\"><div class=\"wpb_wrapper\"><div class=\"w-image align_none\"><div class=\"w-image-h\"><img width=\"2400\" height=\"1600\" src=\"https:\/\/cerealveneta.it\/wp-content\/uploads\/2023\/05\/Topping.jpg\" class=\"attachment-full size-full\" alt=\"\" loading=\"lazy\" srcset=\"https:\/\/cerealveneta.it\/wp-content\/uploads\/2023\/05\/Topping.jpg 2400w, https:\/\/cerealveneta.it\/wp-content\/uploads\/2023\/05\/Topping-300x200.jpg 300w, https:\/\/cerealveneta.it\/wp-content\/uploads\/2023\/05\/Topping-1024x683.jpg 1024w, https:\/\/cerealveneta.it\/wp-content\/uploads\/2023\/05\/Topping-600x400.jpg 600w\" sizes=\"(max-width: 2400px) 100vw, 2400px\" \/><\/div><\/div><\/div><\/div><\/div><\/div><\/div><\/div><\/div><\/div><\/div><\/section><section class=\"l-section wpb_row height_medium\"><div class=\"l-section-h i-cf\"><div class=\"g-cols vc_row via_flex valign_top type_default stacking_default\"><div class=\"vc_col-sm-12 wpb_column vc_column_container\"><div class=\"vc_column-inner\"><div class=\"wpb_wrapper\"><div class=\"wpb_text_column\"><div class=\"wpb_wrapper\"><h4>Quelques solutions pour Enrobage, garniture, barrettes<\/h4>\n<\/div><\/div><div class=\"w-grid type_grid layout_2592 cols_4 overflow_hidden\" id=\"color-shade\"><style>#color-shade .w-grid-item{padding:1.5rem}#color-shade .w-grid-list{margin:-1.5rem}.w-grid + #color-shade .w-grid-list,.w-grid-none + #color-shade .w-grid-list{margin-top:1.5rem}@media (max-width:1199px){#color-shade .w-grid-item{width:33.3333%}}@media (max-width:899px){#color-shade .w-grid-item{width:50%}}@media (max-width:599px){#color-shade .w-grid-list{margin:0}#color-shade .w-grid-item{width:100%;padding:0;margin-bottom:1.5rem}}.layout_2592 .w-grid-item-h{background:#fff;color:#333;border-radius:0.3rem;box-shadow:0 0.03rem 0.06rem rgba(0,0,0,0.1),0 0.1rem 0.3rem rgba(0,0,0,0.1);transition-duration:0.3s}.no-touch .layout_2592 .w-grid-item-h:hover{box-shadow:0 0.1rem 0.2rem rgba(0,0,0,0.1),0 0.33rem 1rem rgba(0,0,0,0.15);z-index:4}.layout_2592 .usg_post_title_1{font-weight:700!important;font-size:19.2px!important;line-height:1.2!important;padding:15px 10px 15px 10px!important}<\/style><div class=\"w-grid-list\">\t<article class=\"w-grid-item size_1x1 post-5431 semilavorati type-semilavorati status-publish has-post-thumbnail hentry category-intero-fr category-graines category-lin category-torrefaction\" data-id=\"5431\">\r\n\t\t<div class=\"w-grid-item-h\">\r\n\t\t\t\t\t\t<div class=\"w-post-elm post_image usg_post_image_1 has_ratio\"><div style=\"padding-bottom:75%\"><\/div><a href=\"https:\/\/cerealveneta.it\/fr\/semi-finis\/graines-de-lin-brun-toaste\/\" aria-label=\"Graines de lin brun toast\u00e9\"><img width=\"472\" height=\"354\" src=\"https:\/\/cerealveneta.it\/wp-content\/uploads\/2020\/10\/Semi-di-lino-scuro-tostati.jpg\" class=\"attachment-us_600_400_crop size-us_600_400_crop wp-post-image\" alt=\"\" loading=\"lazy\" srcset=\"https:\/\/cerealveneta.it\/wp-content\/uploads\/2020\/10\/Semi-di-lino-scuro-tostati.jpg 472w, https:\/\/cerealveneta.it\/wp-content\/uploads\/2020\/10\/Semi-di-lino-scuro-tostati-300x225.jpg 300w\" sizes=\"(max-width: 472px) 100vw, 472px\" \/><\/a><\/div><div class=\"w-vwrapper usg_vwrapper_1 align_left valign_top\"><h2 class=\"w-post-elm post_title usg_post_title_1 entry-title color_link_inherit\"><a href=\"https:\/\/cerealveneta.it\/fr\/semi-finis\/graines-de-lin-brun-toaste\/\">Graines de lin brun toast\u00e9<\/a><\/h2><\/div>\t\t<\/div>\r\n\t<\/article>\r\n\t<article class=\"w-grid-item size_1x1 post-5428 semilavorati type-semilavorati status-publish has-post-thumbnail hentry category-materia-prima-fr\" data-id=\"5428\">\r\n\t\t<div class=\"w-grid-item-h\">\r\n\t\t\t\t\t\t<div class=\"w-post-elm post_image usg_post_image_1 has_ratio\"><div style=\"padding-bottom:75%\"><\/div><a href=\"https:\/\/cerealveneta.it\/fr\/semi-finis\/granules-de-germes-de-mais-toaste\/\" aria-label=\"Granules de germes de ma\u00efs toast\u00e9\"><img width=\"600\" height=\"400\" src=\"https:\/\/cerealveneta.it\/wp-content\/uploads\/2023\/03\/Gritz-Germe-Mais-Tostato_sq-600x400.jpg\" class=\"attachment-us_600_400_crop size-us_600_400_crop wp-post-image\" alt=\"\" loading=\"lazy\" \/><\/a><\/div><div class=\"w-vwrapper usg_vwrapper_1 align_left valign_top\"><h2 class=\"w-post-elm post_title usg_post_title_1 entry-title color_link_inherit\"><a href=\"https:\/\/cerealveneta.it\/fr\/semi-finis\/granules-de-germes-de-mais-toaste\/\">Granules de germes de ma\u00efs toast\u00e9<\/a><\/h2><\/div>\t\t<\/div>\r\n\t<\/article>\r\n<\/div><div class=\"w-grid-preloader\"><div class=\"g-preloader type_1\">\r\n\t<div><\/div>\r\n<\/div>\r\n<\/div>\t<div class=\"w-grid-json hidden\" onclick='return {&quot;action&quot;:&quot;us_ajax_grid&quot;,&quot;ajax_url&quot;:&quot;https:\\\/\\\/cerealveneta.it\\\/wp-admin\\\/admin-ajax.php&quot;,&quot;infinite_scroll&quot;:0,&quot;max_num_pages&quot;:1,&quot;pagination&quot;:&quot;none&quot;,&quot;permalink_url&quot;:&quot;https:\\\/\\\/cerealveneta.it\\\/fr\\\/wp-json\\\/wp\\\/v2\\\/pages\\\/4370\\\/&quot;,&quot;template_vars&quot;:{&quot;columns&quot;:&quot;4&quot;,&quot;exclude_items&quot;:&quot;none&quot;,&quot;img_size&quot;:&quot;default&quot;,&quot;ignore_items_size&quot;:0,&quot;items_layout&quot;:&quot;2592&quot;,&quot;items_offset&quot;:&quot;1&quot;,&quot;load_animation&quot;:&quot;none&quot;,&quot;overriding_link&quot;:&quot;none&quot;,&quot;post_id&quot;:4370,&quot;query_args&quot;:{&quot;ignore_sticky_posts&quot;:1,&quot;post_type&quot;:&quot;any&quot;,&quot;post__in&quot;:[&quot;3059&quot;,&quot;3069&quot;,&quot;3088&quot;],&quot;posts_per_page&quot;:&quot;10&quot;},&quot;orderby_query_args&quot;:{&quot;orderby&quot;:{&quot;title&quot;:&quot;ASC&quot;},&quot;order&quot;:&quot;ASC&quot;},&quot;type&quot;:&quot;grid&quot;,&quot;us_grid_ajax_index&quot;:1,&quot;us_grid_filter_params&quot;:null,&quot;us_grid_index&quot;:1,&quot;_us_grid_post_type&quot;:&quot;ids&quot;,&quot;lang&quot;:&quot;fr&quot;}}'><\/div>\r\n\t<\/div><div class=\"w-separator size_medium\"><\/div><section class=\"l-section wpb_row height_small\"><div class=\"l-section-overlay\" style=\"background:#f5f5f5\"><\/div><div class=\"l-section-h i-cf\"><div class=\"g-cols vc_row via_flex valign_middle type_default stacking_default\"><div class=\"vc_col-sm-8 wpb_column vc_column_container\"><div class=\"vc_column-inner\"><div class=\"wpb_wrapper\"><div class=\"wpb_text_column\"><div class=\"wpb_wrapper\"><h4>Mettez-vous en contact avec nos techniciens pour \u00e9valuer d&rsquo; autres solutions pour Granules de germes de ma\u00efs toast\u00e9<\/h4>\n<\/div><\/div><\/div><\/div><\/div><div class=\"vc_col-sm-4 wpb_column vc_column_container\"><div class=\"vc_column-inner\"><div class=\"wpb_wrapper\"><div class=\"w-btn-wrapper align_center\"><a class=\"w-btn us-btn-style_1\" title=\"Contact\" href=\"https:\/\/cerealveneta.it\/fr\/contact\/\"><span class=\"w-btn-label\">CONTACTEZ-NOUS<\/span><\/a><\/div><\/div><\/div><\/div><\/div><\/div><\/section>\n<\/div><\/div><\/div><\/div><\/div><\/section><section class=\"l-section wpb_row height_medium\"><div class=\"l-section-h i-cf\"><div class=\"g-cols vc_row via_flex valign_top type_default stacking_default\"><div class=\"vc_col-sm-12 wpb_column vc_column_container\"><div class=\"vc_column-inner\"><div class=\"wpb_wrapper\"><div class=\"wpb_text_column\"><div class=\"wpb_wrapper\"><h4>Contenus d&rsquo;approfondiment<\/h4>\n<\/div><\/div><div class=\"w-grid type_grid layout_2592 cols_4 overflow_hidden\" id=\"color-shade\"><style>#color-shade .w-grid-item{padding:1.5rem}#color-shade .w-grid-list{margin:-1.5rem}.w-grid + #color-shade .w-grid-list,.w-grid-none + #color-shade .w-grid-list{margin-top:1.5rem}@media (max-width:1199px){#color-shade .w-grid-item{width:33.3333%}}@media (max-width:899px){#color-shade .w-grid-item{width:50%}}@media (max-width:599px){#color-shade .w-grid-list{margin:0}#color-shade .w-grid-item{width:100%;padding:0;margin-bottom:1.5rem}}<\/style><div class=\"w-grid-list\">\t<article class=\"w-grid-item size_1x1 post-5573 post type-post status-publish format-standard has-post-thumbnail hentry category-nouvelles\" data-id=\"5573\">\r\n\t\t<div class=\"w-grid-item-h\">\r\n\t\t\t\t\t\t<div class=\"w-post-elm post_image usg_post_image_1 has_ratio\"><div style=\"padding-bottom:75%\"><\/div><a href=\"https:\/\/cerealveneta.it\/fr\/pulses-gritz\/\" aria-label=\"Grits de l\u00e9gumineuses\"><img width=\"600\" height=\"338\" src=\"https:\/\/cerealveneta.it\/wp-content\/uploads\/2020\/02\/mix-gritz-e-mp.jpg\" class=\"attachment-us_600_400_crop size-us_600_400_crop wp-post-image\" alt=\"\" loading=\"lazy\" srcset=\"https:\/\/cerealveneta.it\/wp-content\/uploads\/2020\/02\/mix-gritz-e-mp.jpg 1280w, https:\/\/cerealveneta.it\/wp-content\/uploads\/2020\/02\/mix-gritz-e-mp-300x169.jpg 300w, https:\/\/cerealveneta.it\/wp-content\/uploads\/2020\/02\/mix-gritz-e-mp-1024x576.jpg 1024w\" sizes=\"(max-width: 600px) 100vw, 600px\" \/><\/a><\/div><div class=\"w-vwrapper usg_vwrapper_1 align_left valign_top\"><h2 class=\"w-post-elm post_title usg_post_title_1 entry-title color_link_inherit\"><a href=\"https:\/\/cerealveneta.it\/fr\/pulses-gritz\/\">Grits de l\u00e9gumineuses<\/a><\/h2><\/div>\t\t<\/div>\r\n\t<\/article>\r\n\t<article class=\"w-grid-item size_1x1 post-5565 post type-post status-publish format-standard has-post-thumbnail hentry\" data-id=\"5565\">\r\n\t\t<div class=\"w-grid-item-h\">\r\n\t\t\t\t\t\t<div class=\"w-post-elm post_image usg_post_image_1 has_ratio\"><div style=\"padding-bottom:75%\"><\/div><a href=\"https:\/\/cerealveneta.it\/fr\/the-importance-of-food-appereance-and-physicality\/\" aria-label=\"L\u2019importance de l&rsquo;aspect et de la corpor\u00e9it\u00e9 d&rsquo;un aliment\"><img width=\"600\" height=\"337\" src=\"https:\/\/cerealveneta.it\/wp-content\/uploads\/2019\/03\/Cracker-con-semi.jpg\" class=\"attachment-us_600_400_crop size-us_600_400_crop wp-post-image\" alt=\"\" loading=\"lazy\" srcset=\"https:\/\/cerealveneta.it\/wp-content\/uploads\/2019\/03\/Cracker-con-semi.jpg 600w, https:\/\/cerealveneta.it\/wp-content\/uploads\/2019\/03\/Cracker-con-semi-300x169.jpg 300w\" sizes=\"(max-width: 600px) 100vw, 600px\" \/><\/a><\/div><div class=\"w-vwrapper usg_vwrapper_1 align_left valign_top\"><h2 class=\"w-post-elm post_title usg_post_title_1 entry-title color_link_inherit\"><a href=\"https:\/\/cerealveneta.it\/fr\/the-importance-of-food-appereance-and-physicality\/\">L\u2019importance de l&rsquo;aspect et de la corpor\u00e9it\u00e9 d&rsquo;un aliment<\/a><\/h2><\/div>\t\t<\/div>\r\n\t<\/article>\r\n\t<article class=\"w-grid-item size_1x1 post-5572 post type-post status-publish format-standard has-post-thumbnail hentry\" data-id=\"5572\">\r\n\t\t<div class=\"w-grid-item-h\">\r\n\t\t\t\t\t\t<div class=\"w-post-elm post_image usg_post_image_1 has_ratio\"><div style=\"padding-bottom:75%\"><\/div><a href=\"https:\/\/cerealveneta.it\/fr\/functional-oilseeds\/\" aria-label=\"Les graines ol\u00e9agineuses fonctionnelles\"><img width=\"600\" height=\"338\" src=\"https:\/\/cerealveneta.it\/wp-content\/uploads\/2020\/02\/copertina-news-sito.jpg\" class=\"attachment-us_600_400_crop size-us_600_400_crop wp-post-image\" alt=\"\" loading=\"lazy\" srcset=\"https:\/\/cerealveneta.it\/wp-content\/uploads\/2020\/02\/copertina-news-sito.jpg 1280w, https:\/\/cerealveneta.it\/wp-content\/uploads\/2020\/02\/copertina-news-sito-300x169.jpg 300w, https:\/\/cerealveneta.it\/wp-content\/uploads\/2020\/02\/copertina-news-sito-1024x576.jpg 1024w\" sizes=\"(max-width: 600px) 100vw, 600px\" \/><\/a><\/div><div class=\"w-vwrapper usg_vwrapper_1 align_left valign_top\"><h2 class=\"w-post-elm post_title usg_post_title_1 entry-title color_link_inherit\"><a href=\"https:\/\/cerealveneta.it\/fr\/functional-oilseeds\/\">Les graines ol\u00e9agineuses fonctionnelles<\/a><\/h2><\/div>\t\t<\/div>\r\n\t<\/article>\r\n\t<article class=\"w-grid-item size_1x1 post-5568 post type-post status-publish format-standard has-post-thumbnail hentry\" data-id=\"5568\">\r\n\t\t<div class=\"w-grid-item-h\">\r\n\t\t\t\t\t\t<div class=\"w-post-elm post_image usg_post_image_1 has_ratio\"><div style=\"padding-bottom:75%\"><\/div><a href=\"https:\/\/cerealveneta.it\/fr\/making-topping-and-inclusion-products-cerealvenetas-experience\/\" aria-label=\"R\u00e9aliser des produits de garniture et d&rsquo;inclusion: l\u2019exp\u00e9rience de CerealVeneta\"><img width=\"600\" height=\"400\" src=\"https:\/\/cerealveneta.it\/wp-content\/uploads\/2020\/10\/montaggio-newsletter-16-9-1-600x400.jpg\" class=\"attachment-us_600_400_crop size-us_600_400_crop wp-post-image\" alt=\"\" loading=\"lazy\" \/><\/a><\/div><div class=\"w-vwrapper usg_vwrapper_1 align_left valign_top\"><h2 class=\"w-post-elm post_title usg_post_title_1 entry-title color_link_inherit\"><a href=\"https:\/\/cerealveneta.it\/fr\/making-topping-and-inclusion-products-cerealvenetas-experience\/\">R\u00e9aliser des produits de garniture et d&rsquo;inclusion: l\u2019exp\u00e9rience de CerealVeneta<\/a><\/h2><\/div>\t\t<\/div>\r\n\t<\/article>\r\n<\/div><div class=\"w-grid-preloader\"><div class=\"g-preloader type_1\">\r\n\t<div><\/div>\r\n<\/div>\r\n<\/div>\t<div class=\"w-grid-json hidden\" onclick='return {&quot;action&quot;:&quot;us_ajax_grid&quot;,&quot;ajax_url&quot;:&quot;https:\\\/\\\/cerealveneta.it\\\/wp-admin\\\/admin-ajax.php&quot;,&quot;infinite_scroll&quot;:0,&quot;max_num_pages&quot;:1,&quot;pagination&quot;:&quot;none&quot;,&quot;permalink_url&quot;:&quot;https:\\\/\\\/cerealveneta.it\\\/fr\\\/wp-json\\\/wp\\\/v2\\\/pages\\\/4370\\\/&quot;,&quot;template_vars&quot;:{&quot;columns&quot;:&quot;4&quot;,&quot;exclude_items&quot;:&quot;none&quot;,&quot;img_size&quot;:&quot;default&quot;,&quot;ignore_items_size&quot;:0,&quot;items_layout&quot;:&quot;2592&quot;,&quot;items_offset&quot;:&quot;1&quot;,&quot;load_animation&quot;:&quot;none&quot;,&quot;overriding_link&quot;:&quot;none&quot;,&quot;post_id&quot;:5428,&quot;query_args&quot;:{&quot;ignore_sticky_posts&quot;:1,&quot;post_type&quot;:&quot;any&quot;,&quot;post__in&quot;:[&quot;2687&quot;,&quot;1746&quot;,&quot;1720&quot;,&quot;986&quot;],&quot;posts_per_page&quot;:&quot;10&quot;},&quot;orderby_query_args&quot;:{&quot;orderby&quot;:{&quot;title&quot;:&quot;ASC&quot;},&quot;order&quot;:&quot;ASC&quot;},&quot;type&quot;:&quot;grid&quot;,&quot;us_grid_ajax_index&quot;:1,&quot;us_grid_filter_params&quot;:null,&quot;us_grid_index&quot;:2,&quot;_us_grid_post_type&quot;:&quot;ids&quot;,&quot;lang&quot;:&quot;fr&quot;}}'><\/div>\r\n\t<\/div><\/div><\/div><\/div><\/div><\/div><\/section>\n","protected":false},"excerpt":{"rendered":"Un renvoi au naturel La pr\u00e9sence de c\u00e9r\u00e9ales ou de graines sur un croissant ou sur du pain, \u00e9voque un beau produit rustique\u00a0; c\u2019est comme si celui-ci avait \u00e9t\u00e9 fait \u00e0 la maison et il est tr\u00e8s certainement sain. En effet, l&rsquo;utilisation de produits complets, peu travaill\u00e9s, nous rappelle la mati\u00e8re premi\u00e8re utilis\u00e9e en renfor\u00e7ant...","protected":false},"author":1,"featured_media":9167,"parent":0,"menu_order":0,"comment_status":"closed","ping_status":"closed","template":"","meta":[],"_links":{"self":[{"href":"https:\/\/cerealveneta.it\/fr\/wp-json\/wp\/v2\/pages\/4370"}],"collection":[{"href":"https:\/\/cerealveneta.it\/fr\/wp-json\/wp\/v2\/pages"}],"about":[{"href":"https:\/\/cerealveneta.it\/fr\/wp-json\/wp\/v2\/types\/page"}],"author":[{"embeddable":true,"href":"https:\/\/cerealveneta.it\/fr\/wp-json\/wp\/v2\/users\/1"}],"replies":[{"embeddable":true,"href":"https:\/\/cerealveneta.it\/fr\/wp-json\/wp\/v2\/comments?post=4370"}],"version-history":[{"count":5,"href":"https:\/\/cerealveneta.it\/fr\/wp-json\/wp\/v2\/pages\/4370\/revisions"}],"predecessor-version":[{"id":9196,"href":"https:\/\/cerealveneta.it\/fr\/wp-json\/wp\/v2\/pages\/4370\/revisions\/9196"}],"wp:featuredmedia":[{"embeddable":true,"href":"https:\/\/cerealveneta.it\/fr\/wp-json\/wp\/v2\/media\/9167"}],"wp:attachment":[{"href":"https:\/\/cerealveneta.it\/fr\/wp-json\/wp\/v2\/media?parent=4370"}],"curies":[{"name":"wp","href":"https:\/\/api.w.org\/{rel}","templated":true}]}}