{"id":4367,"date":"2021-01-27T09:18:04","date_gmt":"2021-01-27T09:18:04","guid":{"rendered":"https:\/\/www.cerealveneta.it\/contact\/"},"modified":"2021-04-08T08:42:56","modified_gmt":"2021-04-08T07:42:56","slug":"contact","status":"publish","type":"page","link":"https:\/\/cerealveneta.it\/fr\/contact\/","title":{"rendered":"Contact"},"content":{"rendered":"<section class=\"l-section wpb_row height_medium\"><div class=\"l-section-h i-cf\"><div class=\"g-cols vc_row via_flex valign_middle type_default stacking_default\"><div class=\"vc_col-sm-6 wpb_column vc_column_container\"><div class=\"vc_column-inner\"><div class=\"wpb_wrapper\"><div class=\"wpb_text_column\"><div class=\"wpb_wrapper\"><h3>CONTACTEZ-NOUS POUR PLUS D&rsquo;INFORMATIONS<\/h3>\n<div>Si vous souhaitez recevoir plus d&rsquo;informations, n&rsquo;h\u00e9sitez pas \u00e0 nous contacter, notre personnel vous r\u00e9pondra dans les plus brefs d\u00e9lais.<\/div>\n<\/div><\/div><div class=\"w-iconbox iconpos_left style_default color_contrast align_left no_text\"><a href=\"mailto:info@cerealveneta.it\" class=\"w-iconbox-link\" aria-label=\"info@cerealveneta.it\"><div class=\"w-iconbox-icon\" style=\"font-size:1.2rem;\"><i class=\"far fa-envelope\"><\/i><\/div><\/a><div class=\"w-iconbox-meta\"><a href=\"mailto:info@cerealveneta.it\" class=\"w-iconbox-link\" aria-label=\"info@cerealveneta.it\"><div class=\"w-iconbox-title\">info@cerealveneta.it<\/div><\/a><\/div><\/div><div class=\"w-iconbox iconpos_left style_default color_contrast align_left no_text\"><a href=\"tel:+390495952785\" class=\"w-iconbox-link\" aria-label=\"+39 049 5952785\"><div class=\"w-iconbox-icon\" style=\"font-size:1.2rem;\"><i class=\"far fa-phone\"><\/i><\/div><\/a><div class=\"w-iconbox-meta\"><a href=\"tel:+390495952785\" class=\"w-iconbox-link\" aria-label=\"+39 049 5952785\"><div class=\"w-iconbox-title\">+39 049 5952785<\/div><\/a><\/div><\/div><div class=\"w-iconbox iconpos_left style_default color_contrast align_left no_text\"><a target=\"_blank\" rel=\"nofollow noopener\" href=\"https:\/\/www.google.ru\/maps\/search\/Via+Motte+1\/B,+35018+San+Martino+di+Lupari+Padova\/@45.6721772,11.8522723,17z\/data=!3m1!4b1\" class=\"w-iconbox-link\" aria-label=\"Via Motte 1\/B, 35018 San Martino di Lupari Padova (ITALIA)\"><div class=\"w-iconbox-icon\" style=\"font-size:1.2rem;\"><i class=\"far fa-map-marker-alt\"><\/i><\/div><\/a><div class=\"w-iconbox-meta\"><a target=\"_blank\" rel=\"nofollow noopener\" href=\"https:\/\/www.google.ru\/maps\/search\/Via+Motte+1\/B,+35018+San+Martino+di+Lupari+Padova\/@45.6721772,11.8522723,17z\/data=!3m1!4b1\" class=\"w-iconbox-link\" aria-label=\"Via Motte 1\/B, 35018 San Martino di Lupari Padova (ITALIA)\"><div class=\"w-iconbox-title\">Via Motte 1\/B, 35018 San Martino di Lupari Padova (ITALIA)<\/div><\/a><\/div><\/div><div class=\"ult-spacer spacer-69dff38d664a6\" data-id=\"69dff38d664a6\" data-height=\"24\" data-height-mobile=\"24\" data-height-tab=\"24\" data-height-tab-portrait=\"\" data-height-mobile-landscape=\"\" style=\"clear:both;display:block;\"><\/div>[vc_raw_html]PGlmcmFtZSBzcmM9Imh0dHBzOi8vd3d3Lmdvb2dsZS5jb20vbWFwcy9lbWJlZD9wYj0hMW0xNiExbTEyITFtMyExZDI3ODcuOTM2NTgxNzY0NzQyNiEyZDExLjg1MjI3MjMxNTU2NDQ4NCEzZDQ1LjY3MjE3MzQyOTEwMzk3ITJtMyExZjAhMmYwITNmMCEzbTIhMWkxMDI0ITJpNzY4ITRmMTMuMSEybTEhMXNWaWElMjBNb3R0ZSUyMDElMkZCJTJDJTIwMzUwMTglMjBTYW4lMjBNYXJ0aW5vJTIwZGklMjBMdXBhcmklMjBQYWRvdmEhNWUwITNtMiExc2l0ITJzaXQhNHYxNTcxMzgwMjczNDYxITVtMiExc2l0ITJzaXQiIHdpZHRoPSI2MDAiIGhlaWdodD0iNDUwIiBmcmFtZWJvcmRlcj0iMCIgc3R5bGU9ImJvcmRlcjowOyIgYWxsb3dmdWxsc2NyZWVuPSIiPjwvaWZyYW1lPg==[\/vc_raw_html]<\/div><\/div><\/div><div class=\"vc_col-sm-6 wpb_column vc_column_container form-card\"><div class=\"vc_column-inner\"><div class=\"wpb_wrapper\"><div class=\"ult-spacer spacer-69dff38d665d0\" data-id=\"69dff38d665d0\" data-height=\"24\" data-height-mobile=\"24\" data-height-tab=\"24\" data-height-tab-portrait=\"\" data-height-mobile-landscape=\"\" style=\"clear:both;display:block;\"><\/div><div class=\"wpb_text_column\"><div class=\"wpb_wrapper\"><h3 style=\"text-align: center;\">REMPLISSEZ LE FORMULAIRE POUR VOUS METTRE EN CONTACT AVEC NOUS<\/h3>\n<\/div><\/div><div class=\"wpb_text_column\"><div class=\"wpb_wrapper\"><script type=\"text\/javascript\">var gform;gform||(document.addEventListener(\"gform_main_scripts_loaded\",function(){gform.scriptsLoaded=!0}),window.addEventListener(\"DOMContentLoaded\",function(){gform.domLoaded=!0}),gform={domLoaded:!1,scriptsLoaded:!1,initializeOnLoaded:function(o){gform.domLoaded&&gform.scriptsLoaded?o():!gform.domLoaded&&gform.scriptsLoaded?window.addEventListener(\"DOMContentLoaded\",o):document.addEventListener(\"gform_main_scripts_loaded\",o)},hooks:{action:{},filter:{}},addAction:function(o,n,r,t){gform.addHook(\"action\",o,n,r,t)},addFilter:function(o,n,r,t){gform.addHook(\"filter\",o,n,r,t)},doAction:function(o){gform.doHook(\"action\",o,arguments)},applyFilters:function(o){return gform.doHook(\"filter\",o,arguments)},removeAction:function(o,n){gform.removeHook(\"action\",o,n)},removeFilter:function(o,n,r){gform.removeHook(\"filter\",o,n,r)},addHook:function(o,n,r,t,i){null==gform.hooks[o][n]&&(gform.hooks[o][n]=[]);var e=gform.hooks[o][n];null==i&&(i=n+\"_\"+e.length),gform.hooks[o][n].push({tag:i,callable:r,priority:t=null==t?10:t})},doHook:function(n,o,r){var t;if(r=Array.prototype.slice.call(r,1),null!=gform.hooks[n][o]&&((o=gform.hooks[n][o]).sort(function(o,n){return o.priority-n.priority}),o.forEach(function(o){\"function\"!=typeof(t=o.callable)&&(t=window[t]),\"action\"==n?t.apply(null,r):r[0]=t.apply(null,r)})),\"filter\"==n)return r[0]},removeHook:function(o,n,t,i){var r;null!=gform.hooks[o][n]&&(r=(r=gform.hooks[o][n]).filter(function(o,n,r){return!!(null!=i&&i!=o.tag||null!=t&&t!=o.priority)}),gform.hooks[o][n]=r)}});<\/script>\n                <div class='gf_browser_gecko gform_wrapper gform_legacy_markup_wrapper' id='gform_wrapper_1' ><form method='post' enctype='multipart\/form-data'  id='gform_1'  action='\/fr\/wp-json\/wp\/v2\/pages\/4367' novalidate>\n                        <div class='gform_body gform-body'><ul id='gform_fields_1' class='gform_fields top_label form_sublabel_below description_below'><li id=\"field_1_2\"  class=\"gfield gf_left_half gfield_contains_required field_sublabel_below field_description_below gfield_visibility_visible\"  data-js-reload=\"field_1_2\"><label class='gfield_label' for='input_1_2' >Pr\u00e9nom<span class=\"gfield_required\"><span class=\"gfield_required gfield_required_asterisk\">*<\/span><\/span><\/label><div class='ginput_container ginput_container_text'><input name='input_2' id='input_1_2' type='text' value='' class='medium'     aria-required=\"true\" aria-invalid=\"false\"   \/> <\/div><\/li><li id=\"field_1_3\"  class=\"gfield gf_right_half gfield_contains_required field_sublabel_below field_description_below gfield_visibility_visible\"  data-js-reload=\"field_1_3\"><label class='gfield_label' for='input_1_3' >Nom<span class=\"gfield_required\"><span class=\"gfield_required gfield_required_asterisk\">*<\/span><\/span><\/label><div class='ginput_container ginput_container_text'><input name='input_3' id='input_1_3' type='text' value='' class='medium'     aria-required=\"true\" aria-invalid=\"false\"   \/> <\/div><\/li><li id=\"field_1_7\"  class=\"gfield gfield_contains_required field_sublabel_below field_description_below gfield_visibility_visible\"  data-js-reload=\"field_1_7\"><label class='gfield_label' for='input_1_7' >E-mail<span class=\"gfield_required\"><span class=\"gfield_required gfield_required_asterisk\">*<\/span><\/span><\/label><div class='ginput_container ginput_container_email'>\n                            <input name='input_7' id='input_1_7' type='email' value='' class='large'    aria-required=\"true\" aria-invalid=\"false\"  \/>\n                        <\/div><\/li><li id=\"field_1_5\"  class=\"gfield gfield_contains_required field_sublabel_below field_description_below gfield_visibility_visible\"  data-js-reload=\"field_1_5\"><label class='gfield_label' for='input_1_5' >Nom de l&#039;Entreprise<span class=\"gfield_required\"><span class=\"gfield_required gfield_required_asterisk\">*<\/span><\/span><\/label><div class='ginput_container ginput_container_text'><input name='input_5' id='input_1_5' type='text' value='' class='large'     aria-required=\"true\" aria-invalid=\"false\"   \/> <\/div><\/li><li id=\"field_1_9\"  class=\"gfield field_sublabel_below field_description_below gfield_visibility_visible\"  data-js-reload=\"field_1_9\"><label class='gfield_label' for='input_1_9' >T\u00e9l\u00e9phone<\/label><div class='ginput_container ginput_container_phone'><input name='input_9' id='input_1_9' type='tel' value='' class='large'    aria-invalid=\"false\"   \/><\/div><\/li><li id=\"field_1_1\"  class=\"gfield gfield_contains_required field_sublabel_below field_description_below gfield_visibility_visible\"  data-js-reload=\"field_1_1\"><label class='gfield_label' for='input_1_1' >Votre message<span class=\"gfield_required\"><span class=\"gfield_required gfield_required_asterisk\">*<\/span><\/span><\/label><div class='ginput_container ginput_container_textarea'><textarea name='input_1' id='input_1_1' class='textarea medium'     aria-required=\"true\" aria-invalid=\"false\"   rows='10' cols='50'><\/textarea><\/div><\/li><li id=\"field_1_11\"  class=\"gfield field_sublabel_below field_description_below hidden_label gfield_visibility_visible\"  data-js-reload=\"field_1_11\"><label class='gfield_label' for='input_1_11' >CAPTCHA<\/label><div id='input_1_11' class='ginput_container ginput_recaptcha' data-sitekey='6LehW-QZAAAAAABQE86CXZfG5jrVWvjDVz782NpF'  data-theme='light' data-tabindex='-1' data-size='invisible' data-badge='bottomright'><\/div><\/li><li id=\"field_1_8\"  class=\"gfield gform_hidden field_sublabel_below field_description_below gfield_visibility_visible\"  data-js-reload=\"field_1_8\"><div class='ginput_container ginput_container_text'><input name='input_8' id='input_1_8' type='hidden' class='gform_hidden'  aria-invalid=\"false\" value='' \/><\/div><\/li><li id=\"field_1_6\"  class=\"gfield gfield_contains_required field_sublabel_below field_description_above gfield_visibility_visible\"  data-js-reload=\"field_1_6\"><label class='gfield_label gfield_label_before_complex'  >Untitled<span class=\"gfield_required\"><span class=\"gfield_required gfield_required_asterisk\">*<\/span><\/span><\/label><div class='ginput_container ginput_container_checkbox'><ul class='gfield_checkbox' id='input_1_6'><li class='gchoice gchoice_1_6_1'>\n\t\t\t\t\t\t\t\t<input class='gfield-choice-input' name='input_6.1' type='checkbox'  value='true'  id='choice_1_6_1'   \/>\n\t\t\t\t\t\t\t\t<label for='choice_1_6_1' id='label_1_6_1'>J'ai lu et j'accepte la politique de confidentialit\u00e9 <a href=\"https:\/\/cerealveneta.it\/en\/privacy-policy\/\" target=\"_blank\">Informations de confidentialit\u00e9 cliquez ici<\/a><\/label>\n\t\t\t\t\t\t\t<\/li><\/ul><\/div><\/li><li id=\"field_1_10\"  class=\"gfield field_sublabel_below field_description_above gfield_visibility_visible\"  data-js-reload=\"field_1_10\"><label class='gfield_label gfield_label_before_complex'  >Newsletter<\/label><div class='ginput_container ginput_container_checkbox'><ul class='gfield_checkbox' id='input_1_10'><li class='gchoice gchoice_1_10_1'>\n\t\t\t\t\t\t\t\t<input class='gfield-choice-input' name='input_10.1' type='checkbox'  value='true'  id='choice_1_10_1'   \/>\n\t\t\t\t\t\t\t\t<label for='choice_1_10_1' id='label_1_10_1'>Je souhaite m'abonner \u00e0 votre newsletter <a href=\"https:\/\/cerealveneta.it\/en\/privacy-policy\/\" target=\"_blank\">Informations de confidentialit\u00e9 cliquez ici<\/a><\/label>\n\t\t\t\t\t\t\t<\/li><\/ul><\/div><\/li><\/ul><\/div>\n        <div class='gform_footer top_label'> <input type='submit' id='gform_submit_button_1' class='gform_button button' value='Envoi Message'  onclick='if(window[\"gf_submitting_1\"]){return false;}  if( !jQuery(\"#gform_1\")[0].checkValidity || jQuery(\"#gform_1\")[0].checkValidity()){window[\"gf_submitting_1\"]=true;}  ' onkeypress='if( event.keyCode == 13 ){ if(window[\"gf_submitting_1\"]){return false;} if( !jQuery(\"#gform_1\")[0].checkValidity || jQuery(\"#gform_1\")[0].checkValidity()){window[\"gf_submitting_1\"]=true;}  jQuery(\"#gform_1\").trigger(\"submit\",[true]); }' \/> \n            <input type='hidden' class='gform_hidden' name='is_submit_1' value='1' \/>\n            <input type='hidden' class='gform_hidden' name='gform_submit' value='1' \/>\n            \n            <input type='hidden' class='gform_hidden' name='gform_unique_id' value='' \/>\n            <input type='hidden' class='gform_hidden' name='state_1' value='WyJbXSIsImYzNjcxYmJhMmZkODBiYzIxNzU5MmE2MDQ4MWI5ODEzIl0=' \/>\n            <input type='hidden' class='gform_hidden' name='gform_target_page_number_1' id='gform_target_page_number_1' value='0' \/>\n            <input type='hidden' class='gform_hidden' name='gform_source_page_number_1' id='gform_source_page_number_1' value='1' \/>\n            <input type='hidden' name='gform_field_values' value='' \/>\n            \n        <\/div>\n                        <\/form>\n                        <\/div>\n<\/div><\/div><\/div><\/div><\/div><\/div><\/div><\/section><section class=\"l-section wpb_row us_custom_c2961193 height_medium color_primary\"><div class=\"l-section-overlay\" style=\"background:#f08600\"><\/div><div class=\"l-section-h i-cf\"><div class=\"g-cols vc_row via_flex valign_middle type_default stacking_default\"><div class=\"vc_col-sm-8 wpb_column vc_column_container\"><div class=\"vc_column-inner\"><div class=\"wpb_wrapper\"><div class=\"wpb_text_column\"><div class=\"wpb_wrapper\"><h4>Souhaitez-vous faire partie de l&rsquo;\u00e9quipe CerealVeneta ?<\/h4>\n<\/div><\/div><\/div><\/div><\/div><div class=\"vc_col-sm-4 wpb_column vc_column_container\"><div class=\"vc_column-inner\"><div class=\"wpb_wrapper\"><div class=\"w-btn-wrapper align_center\"><a class=\"w-btn us-btn-style_2\" title=\"Travaille avec nous\" href=\"https:\/\/cerealveneta.it\/fr\/travaille-avec-nous\/\"><span class=\"w-btn-label\">ENVOYEZ-NOUS VOTRE CANDIDATURE<\/span><\/a><\/div><\/div><\/div><\/div><\/div><\/div><\/section>\n","protected":false},"excerpt":{"rendered":"CONTACTEZ-NOUS POUR PLUS D&rsquo;INFORMATIONS Si vous souhaitez recevoir plus d&rsquo;informations, n&rsquo;h\u00e9sitez pas \u00e0 nous contacter, notre personnel vous r\u00e9pondra dans les plus brefs d\u00e9lais. info@cerealveneta.it+39 049 5952785Via Motte 1\/B, 35018 San Martino di Lupari Padova (ITALIA)[vc_raw_html]PGlmcmFtZSBzcmM9Imh0dHBzOi8vd3d3Lmdvb2dsZS5jb20vbWFwcy9lbWJlZD9wYj0hMW0xNiExbTEyITFtMyExZDI3ODcuOTM2NTgxNzY0NzQyNiEyZDExLjg1MjI3MjMxNTU2NDQ4NCEzZDQ1LjY3MjE3MzQyOTEwMzk3ITJtMyExZjAhMmYwITNmMCEzbTIhMWkxMDI0ITJpNzY4ITRmMTMuMSEybTEhMXNWaWElMjBNb3R0ZSUyMDElMkZCJTJDJTIwMzUwMTglMjBTYW4lMjBNYXJ0aW5vJTIwZGklMjBMdXBhcmklMjBQYWRvdmEhNWUwITNtMiExc2l0ITJzaXQhNHYxNTcxMzgwMjczNDYxITVtMiExc2l0ITJzaXQiIHdpZHRoPSI2MDAiIGhlaWdodD0iNDUwIiBmcmFtZWJvcmRlcj0iMCIgc3R5bGU9ImJvcmRlcjowOyIgYWxsb3dmdWxsc2NyZWVuPSIiPjwvaWZyYW1lPg==[\/vc_raw_html]REMPLISSEZ LE FORMULAIRE POUR VOUS METTRE EN CONTACT AVEC NOUS Pr\u00e9nom* Nom* E-mail* Nom de l&#039;Entreprise* T\u00e9l\u00e9phoneVotre message*CAPTCHAUntitled* J'ai lu...","protected":false},"author":1,"featured_media":4355,"parent":0,"menu_order":0,"comment_status":"closed","ping_status":"closed","template":"","meta":[],"_links":{"self":[{"href":"https:\/\/cerealveneta.it\/fr\/wp-json\/wp\/v2\/pages\/4367"}],"collection":[{"href":"https:\/\/cerealveneta.it\/fr\/wp-json\/wp\/v2\/pages"}],"about":[{"href":"https:\/\/cerealveneta.it\/fr\/wp-json\/wp\/v2\/types\/page"}],"author":[{"embeddable":true,"href":"https:\/\/cerealveneta.it\/fr\/wp-json\/wp\/v2\/users\/1"}],"replies":[{"embeddable":true,"href":"https:\/\/cerealveneta.it\/fr\/wp-json\/wp\/v2\/comments?post=4367"}],"version-history":[{"count":6,"href":"https:\/\/cerealveneta.it\/fr\/wp-json\/wp\/v2\/pages\/4367\/revisions"}],"predecessor-version":[{"id":5630,"href":"https:\/\/cerealveneta.it\/fr\/wp-json\/wp\/v2\/pages\/4367\/revisions\/5630"}],"wp:featuredmedia":[{"embeddable":true,"href":"https:\/\/cerealveneta.it\/fr\/wp-json\/wp\/v2\/media\/4355"}],"wp:attachment":[{"href":"https:\/\/cerealveneta.it\/fr\/wp-json\/wp\/v2\/media?parent=4367"}],"curies":[{"name":"wp","href":"https:\/\/api.w.org\/{rel}","templated":true}]}}