{"id":4362,"date":"2021-01-27T09:11:22","date_gmt":"2021-01-27T09:11:22","guid":{"rendered":"https:\/\/www.cerealveneta.it\/produit-presentant-une-information-sur-les-fibres\/"},"modified":"2023-06-07T15:36:43","modified_gmt":"2023-06-07T14:36:43","slug":"produit-presentant-une-information-sur-les-fibres","status":"publish","type":"page","link":"https:\/\/cerealveneta.it\/fr\/produit-presentant-une-information-sur-les-fibres\/","title":{"rendered":"Produit pr\u00e9sentant une information sur les fibres"},"content":{"rendered":"<section class=\"l-section wpb_row height_medium\"><div class=\"l-section-h i-cf\"><div class=\"g-cols vc_row via_flex valign_top type_default stacking_default\"><div class=\"vc_col-sm-12 wpb_column vc_column_container\"><div class=\"vc_column-inner\"><div class=\"wpb_wrapper\"><div class=\"wpb_text_column\"><div class=\"wpb_wrapper\"><h1>Comment puis-je augmenter la <strong><span style=\"color: #ff9900;\">teneur en fibres<\/span><\/strong> de mon produit?<\/h1>\n<\/div><\/div><div class=\"g-cols wpb_row via_flex valign_top type_default stacking_default\"><div class=\"vc_col-sm-8 wpb_column vc_column_container\"><div class=\"vc_column-inner\"><div class=\"wpb_wrapper\"><div class=\"wpb_text_column\"><div class=\"wpb_wrapper\"><p>L&rsquo;EFSA, l&rsquo;autorit\u00e9 europ\u00e9enne pour la s\u00e9curit\u00e9 alimentaire, a \u00e9mis des directives permettant de promouvoir la teneur en fibres des aliments, en distinguant deux types d&rsquo;informations. Le produit peut pr\u00e9senter une \u00ab\u00a0source de\u00a0\u00bb ou \u00eatre \u00ab\u00a0riche en\u00a0\u00bb.<br \/>\nLes fibres sont repr\u00e9sent\u00e9es par une fraction qui n&rsquo;est pas directement digestible par l&rsquo;appareil digestif, et il a \u00e9t\u00e9 d\u00e9montr\u00e9 que bien que ces fibres ne poss\u00e8dent pas un apport \u00e9nerg\u00e9tique important, elles sont salutaires pour l&rsquo;organisme car elles servent de r\u00e9gulateur au tractus intestinal et de substrat pour la flore intestinale, en am\u00e9liorant ainsi la fonction immunitaire de ce tractus intestinal.<\/p>\n<p>Pour atteindre une concentration en fibres susceptibles de pouvoir \u00eatre promues sur l&rsquo;\u00e9tiquette du produit, on peut utiliser des produits semi-finis complets ou bien ajouter le son obtenu apr\u00e8s traitement des zones externes des graines de c\u00e9r\u00e9ales, en particulier pour les l\u00e9gumineuses qui sont dot\u00e9es de parties riches en ce genre de composants.<br \/>\nLes processus de traitement thermique et de purification appliqu\u00e9s par <strong>CerealVeneta<\/strong> permettent d&rsquo;\u00e9lever la concentration des fibres, tout en limitant leur utilisation pour les produits finis.<\/p>\n<\/div><\/div><\/div><\/div><\/div><div class=\"vc_col-sm-4 wpb_column vc_column_container\"><div class=\"vc_column-inner\"><div class=\"wpb_wrapper\"><div class=\"w-image align_none\"><div class=\"w-image-h\"><img width=\"2400\" height=\"1600\" src=\"https:\/\/cerealveneta.it\/wp-content\/uploads\/2023\/06\/ClaimFibra.jpg\" class=\"attachment-full size-full\" alt=\"\" loading=\"lazy\" srcset=\"https:\/\/cerealveneta.it\/wp-content\/uploads\/2023\/06\/ClaimFibra.jpg 2400w, https:\/\/cerealveneta.it\/wp-content\/uploads\/2023\/06\/ClaimFibra-300x200.jpg 300w, https:\/\/cerealveneta.it\/wp-content\/uploads\/2023\/06\/ClaimFibra-1024x683.jpg 1024w, https:\/\/cerealveneta.it\/wp-content\/uploads\/2023\/06\/ClaimFibra-600x400.jpg 600w\" sizes=\"(max-width: 2400px) 100vw, 2400px\" \/><\/div><\/div><\/div><\/div><\/div><\/div><\/div><\/div><\/div><\/div><\/div><\/section><section class=\"l-section wpb_row height_medium\"><div class=\"l-section-h i-cf\"><div class=\"g-cols vc_row via_flex valign_top type_default stacking_default\"><div class=\"vc_col-sm-12 wpb_column vc_column_container\"><div class=\"vc_column-inner\"><div class=\"wpb_wrapper\"><div class=\"wpb_text_column\"><div class=\"wpb_wrapper\"><h4>Quelques solutions pour vos besoins<\/h4>\n<\/div><\/div><div class=\"w-grid type_grid layout_2592 cols_4 overflow_hidden\" id=\"color-shade\"><style>#color-shade .w-grid-item{padding:1.5rem}#color-shade .w-grid-list{margin:-1.5rem}.w-grid + #color-shade .w-grid-list,.w-grid-none + #color-shade .w-grid-list{margin-top:1.5rem}@media (max-width:1199px){#color-shade .w-grid-item{width:33.3333%}}@media (max-width:899px){#color-shade .w-grid-item{width:50%}}@media (max-width:599px){#color-shade .w-grid-list{margin:0}#color-shade .w-grid-item{width:100%;padding:0;margin-bottom:1.5rem}}.layout_2592 .w-grid-item-h{background:#fff;color:#333;border-radius:0.3rem;box-shadow:0 0.03rem 0.06rem rgba(0,0,0,0.1),0 0.1rem 0.3rem rgba(0,0,0,0.1);transition-duration:0.3s}.no-touch .layout_2592 .w-grid-item-h:hover{box-shadow:0 0.1rem 0.2rem rgba(0,0,0,0.1),0 0.33rem 1rem rgba(0,0,0,0.15);z-index:4}.layout_2592 .usg_post_title_1{font-weight:700!important;font-size:19.2px!important;line-height:1.2!important;padding:15px 10px 15px 10px!important}<\/style><div class=\"w-grid-list\">\t<article class=\"w-grid-item size_1x1 post-5462 semilavorati type-semilavorati status-publish has-post-thumbnail hentry category-non-classifiee\" data-id=\"5462\">\r\n\t\t<div class=\"w-grid-item-h\">\r\n\t\t\t\t\t\t<div class=\"w-post-elm post_image usg_post_image_1 has_ratio\"><div style=\"padding-bottom:75%\"><\/div><a href=\"https:\/\/cerealveneta.it\/fr\/semi-finis\/farine-de-son-de-pois-vert-toaste\/\" aria-label=\"Farine de son de pois vert toast\u00e9\"><img width=\"600\" height=\"400\" src=\"https:\/\/cerealveneta.it\/wp-content\/uploads\/2023\/03\/Farina-Crusca-Pisello-Verde_sq-600x400.jpg\" class=\"attachment-us_600_400_crop size-us_600_400_crop wp-post-image\" alt=\"\" loading=\"lazy\" \/><\/a><\/div><div class=\"w-vwrapper usg_vwrapper_1 align_left valign_top\"><h2 class=\"w-post-elm post_title usg_post_title_1 entry-title color_link_inherit\"><a href=\"https:\/\/cerealveneta.it\/fr\/semi-finis\/farine-de-son-de-pois-vert-toaste\/\">Farine de son de pois vert toast\u00e9<\/a><\/h2><\/div>\t\t<\/div>\r\n\t<\/article>\r\n\t<article class=\"w-grid-item size_1x1 post-5463 semilavorati type-semilavorati status-publish has-post-thumbnail hentry category-non-classifiee\" data-id=\"5463\">\r\n\t\t<div class=\"w-grid-item-h\">\r\n\t\t\t\t\t\t<div class=\"w-post-elm post_image usg_post_image_1 has_ratio\"><div style=\"padding-bottom:75%\"><\/div><a href=\"https:\/\/cerealveneta.it\/fr\/semi-finis\/farine-de-son-de-riz-toaste\/\" aria-label=\"Farine de son de riz toast\u00e9\"><img width=\"600\" height=\"400\" src=\"https:\/\/cerealveneta.it\/wp-content\/uploads\/2023\/03\/Farina-Crusca-Riso-Tostata_sq-600x400.jpg\" class=\"attachment-us_600_400_crop size-us_600_400_crop wp-post-image\" alt=\"\" loading=\"lazy\" \/><\/a><\/div><div class=\"w-vwrapper usg_vwrapper_1 align_left valign_top\"><h2 class=\"w-post-elm post_title usg_post_title_1 entry-title color_link_inherit\"><a href=\"https:\/\/cerealveneta.it\/fr\/semi-finis\/farine-de-son-de-riz-toaste\/\">Farine de son de riz toast\u00e9<\/a><\/h2><\/div>\t\t<\/div>\r\n\t<\/article>\r\n<\/div><div class=\"w-grid-preloader\"><div class=\"g-preloader type_1\">\r\n\t<div><\/div>\r\n<\/div>\r\n<\/div>\t<div class=\"w-grid-json hidden\" onclick='return {&quot;action&quot;:&quot;us_ajax_grid&quot;,&quot;ajax_url&quot;:&quot;https:\\\/\\\/cerealveneta.it\\\/wp-admin\\\/admin-ajax.php&quot;,&quot;infinite_scroll&quot;:0,&quot;max_num_pages&quot;:1,&quot;pagination&quot;:&quot;none&quot;,&quot;permalink_url&quot;:&quot;https:\\\/\\\/cerealveneta.it\\\/fr\\\/wp-json\\\/wp\\\/v2\\\/pages\\\/4362\\\/&quot;,&quot;template_vars&quot;:{&quot;columns&quot;:&quot;4&quot;,&quot;exclude_items&quot;:&quot;none&quot;,&quot;img_size&quot;:&quot;default&quot;,&quot;ignore_items_size&quot;:0,&quot;items_layout&quot;:&quot;2592&quot;,&quot;items_offset&quot;:&quot;1&quot;,&quot;load_animation&quot;:&quot;none&quot;,&quot;overriding_link&quot;:&quot;none&quot;,&quot;post_id&quot;:4362,&quot;query_args&quot;:{&quot;ignore_sticky_posts&quot;:1,&quot;post_type&quot;:&quot;any&quot;,&quot;post__in&quot;:[&quot;3093&quot;,&quot;3098&quot;],&quot;posts_per_page&quot;:&quot;10&quot;},&quot;orderby_query_args&quot;:{&quot;orderby&quot;:{&quot;title&quot;:&quot;ASC&quot;},&quot;order&quot;:&quot;ASC&quot;},&quot;type&quot;:&quot;grid&quot;,&quot;us_grid_ajax_index&quot;:1,&quot;us_grid_filter_params&quot;:null,&quot;us_grid_index&quot;:1,&quot;_us_grid_post_type&quot;:&quot;ids&quot;,&quot;lang&quot;:&quot;fr&quot;}}'><\/div>\r\n\t<\/div><div class=\"w-separator size_medium\"><\/div><section class=\"l-section wpb_row height_small\"><div class=\"l-section-overlay\" style=\"background:#f5f5f5\"><\/div><div class=\"l-section-h i-cf\"><div class=\"g-cols vc_row via_flex valign_middle type_default stacking_default\"><div class=\"vc_col-sm-8 wpb_column vc_column_container\"><div class=\"vc_column-inner\"><div class=\"wpb_wrapper\"><div class=\"wpb_text_column\"><div class=\"wpb_wrapper\"><h4>Mettez-vous en contact avec nos techniciens pour \u00e9valuer d&rsquo; autres solutions pour Farine de son de riz toast\u00e9<\/h4>\n<\/div><\/div><\/div><\/div><\/div><div class=\"vc_col-sm-4 wpb_column vc_column_container\"><div class=\"vc_column-inner\"><div class=\"wpb_wrapper\"><div class=\"w-btn-wrapper align_center\"><a class=\"w-btn us-btn-style_1\" title=\"Contact\" href=\"https:\/\/cerealveneta.it\/fr\/contact\/\"><span class=\"w-btn-label\">CONTACTEZ-NOUS<\/span><\/a><\/div><\/div><\/div><\/div><\/div><\/div><\/section>\n<\/div><\/div><\/div><\/div><\/div><\/section><section class=\"l-section wpb_row height_medium\"><div class=\"l-section-h i-cf\"><div class=\"g-cols vc_row via_flex valign_top type_default stacking_default\"><div class=\"vc_col-sm-12 wpb_column vc_column_container\"><div class=\"vc_column-inner\"><div class=\"wpb_wrapper\"><div class=\"wpb_text_column\"><div class=\"wpb_wrapper\"><h4>Contenus d&rsquo;approfondiment<\/h4>\n<\/div><\/div><div class=\"w-grid type_grid layout_2592 cols_4 overflow_hidden\" id=\"color-shade\"><style>#color-shade .w-grid-item{padding:1.5rem}#color-shade .w-grid-list{margin:-1.5rem}.w-grid + #color-shade .w-grid-list,.w-grid-none + #color-shade .w-grid-list{margin-top:1.5rem}@media (max-width:1199px){#color-shade .w-grid-item{width:33.3333%}}@media (max-width:899px){#color-shade .w-grid-item{width:50%}}@media (max-width:599px){#color-shade .w-grid-list{margin:0}#color-shade .w-grid-item{width:100%;padding:0;margin-bottom:1.5rem}}<\/style><div class=\"w-grid-list\">\t<article class=\"w-grid-item size_1x1 post-5561 post type-post status-publish format-standard has-post-thumbnail hentry category-sans-gluten\" data-id=\"5561\">\r\n\t\t<div class=\"w-grid-item-h\">\r\n\t\t\t\t\t\t<div class=\"w-post-elm post_image usg_post_image_1 has_ratio\"><div style=\"padding-bottom:75%\"><\/div><a href=\"https:\/\/cerealveneta.it\/fr\/pea-fiber-for-the-food-industry\/\" aria-label=\"La fibre de pois pour l&rsquo;industrie alimentaire\"><img width=\"600\" height=\"338\" src=\"https:\/\/cerealveneta.it\/wp-content\/uploads\/2019\/09\/crusca-e-fibra-1.jpg\" class=\"attachment-us_600_400_crop size-us_600_400_crop wp-post-image\" alt=\"\" loading=\"lazy\" srcset=\"https:\/\/cerealveneta.it\/wp-content\/uploads\/2019\/09\/crusca-e-fibra-1.jpg 1628w, https:\/\/cerealveneta.it\/wp-content\/uploads\/2019\/09\/crusca-e-fibra-1-300x169.jpg 300w, https:\/\/cerealveneta.it\/wp-content\/uploads\/2019\/09\/crusca-e-fibra-1-1024x577.jpg 1024w\" sizes=\"(max-width: 600px) 100vw, 600px\" \/><\/a><\/div><div class=\"w-vwrapper usg_vwrapper_1 align_left valign_top\"><h2 class=\"w-post-elm post_title usg_post_title_1 entry-title color_link_inherit\"><a href=\"https:\/\/cerealveneta.it\/fr\/pea-fiber-for-the-food-industry\/\">La fibre de pois pour l&rsquo;industrie alimentaire<\/a><\/h2><\/div>\t\t<\/div>\r\n\t<\/article>\r\n\t<article class=\"w-grid-item size_1x1 post-5571 post type-post status-publish format-standard has-post-thumbnail hentry category-nouvelles\" data-id=\"5571\">\r\n\t\t<div class=\"w-grid-item-h\">\r\n\t\t\t\t\t\t<div class=\"w-post-elm post_image usg_post_image_1 has_ratio\"><div style=\"padding-bottom:75%\"><\/div><a href=\"https:\/\/cerealveneta.it\/fr\/new-gluten-free-cereals-brans\/\" aria-label=\"Les nouveaux sons de c\u00e9r\u00e9ales sans gluten\"><img width=\"600\" height=\"337\" src=\"https:\/\/cerealveneta.it\/wp-content\/uploads\/2020\/02\/Immagine-principale-gluten-free-1.jpg\" class=\"attachment-us_600_400_crop size-us_600_400_crop wp-post-image\" alt=\"\" loading=\"lazy\" srcset=\"https:\/\/cerealveneta.it\/wp-content\/uploads\/2020\/02\/Immagine-principale-gluten-free-1.jpg 1688w, https:\/\/cerealveneta.it\/wp-content\/uploads\/2020\/02\/Immagine-principale-gluten-free-1-300x169.jpg 300w, https:\/\/cerealveneta.it\/wp-content\/uploads\/2020\/02\/Immagine-principale-gluten-free-1-1024x576.jpg 1024w\" sizes=\"(max-width: 600px) 100vw, 600px\" \/><\/a><\/div><div class=\"w-vwrapper usg_vwrapper_1 align_left valign_top\"><h2 class=\"w-post-elm post_title usg_post_title_1 entry-title color_link_inherit\"><a href=\"https:\/\/cerealveneta.it\/fr\/new-gluten-free-cereals-brans\/\">Les nouveaux sons de c\u00e9r\u00e9ales sans gluten<\/a><\/h2><\/div>\t\t<\/div>\r\n\t<\/article>\r\n\t<article class=\"w-grid-item size_1x1 post-5570 post type-post status-publish format-standard has-post-thumbnail hentry\" data-id=\"5570\">\r\n\t\t<div class=\"w-grid-item-h\">\r\n\t\t\t\t\t\t<div class=\"w-post-elm post_image usg_post_image_1 has_ratio\"><div style=\"padding-bottom:75%\"><\/div><a href=\"https:\/\/cerealveneta.it\/fr\/new-gluten-free-pulse-fibers\/\" aria-label=\"Les nouvelles fibres alimentaires sans gluten\"><img width=\"600\" height=\"338\" src=\"https:\/\/cerealveneta.it\/wp-content\/uploads\/2020\/02\/lenticchie-piselli-granulare-lentils-peas-granular-1.jpg\" class=\"attachment-us_600_400_crop size-us_600_400_crop wp-post-image\" alt=\"\" loading=\"lazy\" srcset=\"https:\/\/cerealveneta.it\/wp-content\/uploads\/2020\/02\/lenticchie-piselli-granulare-lentils-peas-granular-1.jpg 1689w, https:\/\/cerealveneta.it\/wp-content\/uploads\/2020\/02\/lenticchie-piselli-granulare-lentils-peas-granular-1-300x169.jpg 300w, https:\/\/cerealveneta.it\/wp-content\/uploads\/2020\/02\/lenticchie-piselli-granulare-lentils-peas-granular-1-1024x577.jpg 1024w\" sizes=\"(max-width: 600px) 100vw, 600px\" \/><\/a><\/div><div class=\"w-vwrapper usg_vwrapper_1 align_left valign_top\"><h2 class=\"w-post-elm post_title usg_post_title_1 entry-title color_link_inherit\"><a href=\"https:\/\/cerealveneta.it\/fr\/new-gluten-free-pulse-fibers\/\">Les nouvelles fibres alimentaires sans gluten<\/a><\/h2><\/div>\t\t<\/div>\r\n\t<\/article>\r\n<\/div><div class=\"w-grid-preloader\"><div class=\"g-preloader type_1\">\r\n\t<div><\/div>\r\n<\/div>\r\n<\/div>\t<div class=\"w-grid-json hidden\" onclick='return {&quot;action&quot;:&quot;us_ajax_grid&quot;,&quot;ajax_url&quot;:&quot;https:\\\/\\\/cerealveneta.it\\\/wp-admin\\\/admin-ajax.php&quot;,&quot;infinite_scroll&quot;:0,&quot;max_num_pages&quot;:1,&quot;pagination&quot;:&quot;none&quot;,&quot;permalink_url&quot;:&quot;https:\\\/\\\/cerealveneta.it\\\/fr\\\/wp-json\\\/wp\\\/v2\\\/pages\\\/4362\\\/&quot;,&quot;template_vars&quot;:{&quot;columns&quot;:&quot;4&quot;,&quot;exclude_items&quot;:&quot;none&quot;,&quot;img_size&quot;:&quot;default&quot;,&quot;ignore_items_size&quot;:0,&quot;items_layout&quot;:&quot;2592&quot;,&quot;items_offset&quot;:&quot;1&quot;,&quot;load_animation&quot;:&quot;none&quot;,&quot;overriding_link&quot;:&quot;none&quot;,&quot;post_id&quot;:5463,&quot;query_args&quot;:{&quot;ignore_sticky_posts&quot;:1,&quot;post_type&quot;:&quot;any&quot;,&quot;post__in&quot;:[&quot;1699&quot;,&quot;1710&quot;,&quot;976&quot;],&quot;posts_per_page&quot;:&quot;10&quot;},&quot;orderby_query_args&quot;:{&quot;orderby&quot;:{&quot;title&quot;:&quot;ASC&quot;},&quot;order&quot;:&quot;ASC&quot;},&quot;type&quot;:&quot;grid&quot;,&quot;us_grid_ajax_index&quot;:1,&quot;us_grid_filter_params&quot;:null,&quot;us_grid_index&quot;:2,&quot;_us_grid_post_type&quot;:&quot;ids&quot;,&quot;lang&quot;:&quot;fr&quot;}}'><\/div>\r\n\t<\/div><\/div><\/div><\/div><\/div><\/div><\/section>\n","protected":false},"excerpt":{"rendered":"CerealVeneta propose de nouvelles fibres alimentaires, s\u00e9lectionn\u00e9es et provenant enti\u00e8rement d'un seul d\u00e9corticage de pois, de pois chiches et de lentilles Les fibres sont trait\u00e9es thermiquement et elles sont conditionn\u00e9es physiquement \u00e0 des granulom\u00e9tries variables allant de 300 mcr \u00e0 3000 mcr. Ces processus permettent d'offrir au produit des caract\u00e9ristiques organoleptiques et fonctionnelles de haute...","protected":false},"author":1,"featured_media":9342,"parent":0,"menu_order":0,"comment_status":"closed","ping_status":"closed","template":"","meta":[],"_links":{"self":[{"href":"https:\/\/cerealveneta.it\/fr\/wp-json\/wp\/v2\/pages\/4362"}],"collection":[{"href":"https:\/\/cerealveneta.it\/fr\/wp-json\/wp\/v2\/pages"}],"about":[{"href":"https:\/\/cerealveneta.it\/fr\/wp-json\/wp\/v2\/types\/page"}],"author":[{"embeddable":true,"href":"https:\/\/cerealveneta.it\/fr\/wp-json\/wp\/v2\/users\/1"}],"replies":[{"embeddable":true,"href":"https:\/\/cerealveneta.it\/fr\/wp-json\/wp\/v2\/comments?post=4362"}],"version-history":[{"count":2,"href":"https:\/\/cerealveneta.it\/fr\/wp-json\/wp\/v2\/pages\/4362\/revisions"}],"predecessor-version":[{"id":9346,"href":"https:\/\/cerealveneta.it\/fr\/wp-json\/wp\/v2\/pages\/4362\/revisions\/9346"}],"wp:featuredmedia":[{"embeddable":true,"href":"https:\/\/cerealveneta.it\/fr\/wp-json\/wp\/v2\/media\/9342"}],"wp:attachment":[{"href":"https:\/\/cerealveneta.it\/fr\/wp-json\/wp\/v2\/media?parent=4362"}],"curies":[{"name":"wp","href":"https:\/\/api.w.org\/{rel}","templated":true}]}}