{"id":4360,"date":"2021-01-27T09:10:06","date_gmt":"2021-01-27T09:10:06","guid":{"rendered":"https:\/\/www.cerealveneta.it\/produit-presentant-linformation-beta-glucanes\/"},"modified":"2021-03-25T12:44:20","modified_gmt":"2021-03-25T11:44:20","slug":"produit-presentant-linformation-beta-glucanes","status":"publish","type":"page","link":"https:\/\/cerealveneta.it\/fr\/produit-presentant-linformation-beta-glucanes\/","title":{"rendered":"Produit pr\u00e9sentant l&rsquo;information \u201cB\u00eata Glucanes\u201d"},"content":{"rendered":"<section class=\"l-section wpb_row height_medium\"><div class=\"l-section-h i-cf\"><div class=\"g-cols vc_row via_flex valign_top type_default stacking_default\"><div class=\"vc_col-sm-12 wpb_column vc_column_container\"><div class=\"vc_column-inner\"><div class=\"wpb_wrapper\"><div class=\"wpb_text_column\"><div class=\"wpb_wrapper\"><h1>Comment puis-je pr\u00e9senter l&rsquo;information sur \u201c<strong><span style=\"color: #ff9900;\">b\u00eata-Glucan<\/span><\/strong>\u201d?<\/h1>\n<\/div><\/div><div class=\"g-cols wpb_row via_flex valign_top type_default stacking_default\"><div class=\"vc_col-sm-8 wpb_column vc_column_container\"><div class=\"vc_column-inner\"><div class=\"wpb_wrapper\"><div class=\"wpb_text_column\"><div class=\"wpb_wrapper\"><p>La production d&rsquo;aliments riches en b\u00eata-glucanes est primordiale pour les r\u00e9gimes ciblant la pr\u00e9vention des pathologies coronariennes et l&rsquo;apparition des facteurs de risque.<\/p>\n<p>Les produits semi-finis \u00e0 base de mati\u00e8res premi\u00e8res telles que l&rsquo;orge et l&rsquo;avoine, riches en b\u00eata-glucanes, associ\u00e9es aux traitements sp\u00e9cifiques de <strong>CerealVeneta<\/strong>, permettent la r\u00e9alisation de farines qui contribuent \u00e0 la diminution du niveau de cholest\u00e9rol dans le sang.<\/p>\n<\/div><\/div><\/div><\/div><\/div><div class=\"vc_col-sm-4 wpb_column vc_column_container\"><div class=\"vc_column-inner\"><div class=\"wpb_wrapper\"><div class=\"w-image align_none\"><div class=\"w-image-h\"><img width=\"1200\" height=\"900\" src=\"https:\/\/cerealveneta.it\/wp-content\/uploads\/2020\/11\/beta-glucan.jpg\" class=\"attachment-full size-full\" alt=\"\" loading=\"lazy\" srcset=\"https:\/\/cerealveneta.it\/wp-content\/uploads\/2020\/11\/beta-glucan.jpg 1200w, https:\/\/cerealveneta.it\/wp-content\/uploads\/2020\/11\/beta-glucan-300x225.jpg 300w, https:\/\/cerealveneta.it\/wp-content\/uploads\/2020\/11\/beta-glucan-1024x768.jpg 1024w\" sizes=\"(max-width: 1200px) 100vw, 1200px\" \/><\/div><\/div><\/div><\/div><\/div><\/div><\/div><\/div><\/div><\/div><\/div><\/section><section class=\"l-section wpb_row height_medium\"><div class=\"l-section-h i-cf\"><div class=\"g-cols vc_row via_flex valign_top type_default stacking_default\"><div class=\"vc_col-sm-12 wpb_column vc_column_container\"><div class=\"vc_column-inner\"><div class=\"wpb_wrapper\"><div class=\"wpb_text_column\"><div class=\"wpb_wrapper\"><h4>Quelques solutions pour vos besoins<\/h4>\n<\/div><\/div><div class=\"w-grid type_grid layout_2592 cols_4 overflow_hidden\" id=\"color-shade\"><style>#color-shade .w-grid-item{padding:1.5rem}#color-shade .w-grid-list{margin:-1.5rem}.w-grid + #color-shade .w-grid-list,.w-grid-none + #color-shade .w-grid-list{margin-top:1.5rem}@media (max-width:1199px){#color-shade .w-grid-item{width:33.3333%}}@media (max-width:899px){#color-shade .w-grid-item{width:50%}}@media (max-width:599px){#color-shade .w-grid-list{margin:0}#color-shade .w-grid-item{width:100%;padding:0;margin-bottom:1.5rem}}.layout_2592 .w-grid-item-h{background:#fff;color:#333;border-radius:0.3rem;box-shadow:0 0.03rem 0.06rem rgba(0,0,0,0.1),0 0.1rem 0.3rem rgba(0,0,0,0.1);transition-duration:0.3s}.no-touch .layout_2592 .w-grid-item-h:hover{box-shadow:0 0.1rem 0.2rem rgba(0,0,0,0.1),0 0.33rem 1rem rgba(0,0,0,0.15);z-index:4}.layout_2592 .usg_post_title_1{font-weight:700!important;font-size:19.2px!important;line-height:1.2!important;padding:15px 10px 15px 10px!important}<\/style><div class=\"w-grid-list\">\t<article class=\"w-grid-item size_1x1 post-5464 semilavorati type-semilavorati status-publish has-post-thumbnail hentry category-avoine category-son\" data-id=\"5464\">\r\n\t\t<div class=\"w-grid-item-h\">\r\n\t\t\t\t\t\t<div class=\"w-post-elm post_image usg_post_image_1 has_ratio\"><div style=\"padding-bottom:75%\"><\/div><a href=\"https:\/\/cerealveneta.it\/fr\/semi-finis\/son-davoine-toaste\/\" aria-label=\"Son d&rsquo;avoine toast\u00e9\"><img width=\"600\" height=\"400\" src=\"https:\/\/cerealveneta.it\/wp-content\/uploads\/2023\/05\/Crusca-Avena-Tostata_sq-600x400.jpg\" class=\"attachment-us_600_400_crop size-us_600_400_crop wp-post-image\" alt=\"\" loading=\"lazy\" \/><\/a><\/div><div class=\"w-vwrapper usg_vwrapper_1 align_left valign_top\"><h2 class=\"w-post-elm post_title usg_post_title_1 entry-title color_link_inherit\"><a href=\"https:\/\/cerealveneta.it\/fr\/semi-finis\/son-davoine-toaste\/\">Son d&rsquo;avoine toast\u00e9<\/a><\/h2><\/div>\t\t<\/div>\r\n\t<\/article>\r\n<\/div><div class=\"w-grid-preloader\"><div class=\"g-preloader type_1\">\r\n\t<div><\/div>\r\n<\/div>\r\n<\/div>\t<div class=\"w-grid-json hidden\" onclick='return {&quot;action&quot;:&quot;us_ajax_grid&quot;,&quot;ajax_url&quot;:&quot;https:\\\/\\\/cerealveneta.it\\\/wp-admin\\\/admin-ajax.php&quot;,&quot;infinite_scroll&quot;:0,&quot;max_num_pages&quot;:1,&quot;pagination&quot;:&quot;none&quot;,&quot;permalink_url&quot;:&quot;https:\\\/\\\/cerealveneta.it\\\/fr\\\/wp-json\\\/wp\\\/v2\\\/pages\\\/4360\\\/&quot;,&quot;template_vars&quot;:{&quot;columns&quot;:&quot;4&quot;,&quot;exclude_items&quot;:&quot;none&quot;,&quot;img_size&quot;:&quot;default&quot;,&quot;ignore_items_size&quot;:0,&quot;items_layout&quot;:&quot;2592&quot;,&quot;items_offset&quot;:&quot;1&quot;,&quot;load_animation&quot;:&quot;none&quot;,&quot;overriding_link&quot;:&quot;none&quot;,&quot;post_id&quot;:4360,&quot;query_args&quot;:{&quot;ignore_sticky_posts&quot;:1,&quot;post_type&quot;:&quot;any&quot;,&quot;post__in&quot;:[&quot;3103&quot;],&quot;posts_per_page&quot;:&quot;10&quot;},&quot;orderby_query_args&quot;:{&quot;orderby&quot;:{&quot;title&quot;:&quot;ASC&quot;},&quot;order&quot;:&quot;ASC&quot;},&quot;type&quot;:&quot;grid&quot;,&quot;us_grid_ajax_index&quot;:1,&quot;us_grid_filter_params&quot;:null,&quot;us_grid_index&quot;:1,&quot;_us_grid_post_type&quot;:&quot;ids&quot;,&quot;lang&quot;:&quot;fr&quot;}}'><\/div>\r\n\t<\/div><div class=\"w-separator size_medium\"><\/div><section class=\"l-section wpb_row height_small\"><div class=\"l-section-overlay\" style=\"background:#f5f5f5\"><\/div><div class=\"l-section-h i-cf\"><div class=\"g-cols vc_row via_flex valign_middle type_default stacking_default\"><div class=\"vc_col-sm-8 wpb_column vc_column_container\"><div class=\"vc_column-inner\"><div class=\"wpb_wrapper\"><div class=\"wpb_text_column\"><div class=\"wpb_wrapper\"><h4>Mettez-vous en contact avec nos techniciens pour \u00e9valuer d&rsquo; autres solutions pour Son d&rsquo;avoine toast\u00e9<\/h4>\n<\/div><\/div><\/div><\/div><\/div><div class=\"vc_col-sm-4 wpb_column vc_column_container\"><div class=\"vc_column-inner\"><div class=\"wpb_wrapper\"><div class=\"w-btn-wrapper align_center\"><a class=\"w-btn us-btn-style_1\" title=\"Contact\" href=\"https:\/\/cerealveneta.it\/fr\/contact\/\"><span class=\"w-btn-label\">CONTACTEZ-NOUS<\/span><\/a><\/div><\/div><\/div><\/div><\/div><\/div><\/section>\n<\/div><\/div><\/div><\/div><\/div><\/section>\n","protected":false},"excerpt":{"rendered":"Son d&rsquo;avoine toast\u00e9 Home \u200b Produits \u200b Son d&rsquo;avoine toast\u00e9 Le son d&rsquo;avoine, pouvant \u00eatre utilis\u00e9 \u00e9galement pour les produits sans gluten, est un produit de rappel pour le public, puisqu&rsquo;il suscite un int\u00e9r\u00eat g\u00e9n\u00e9ral sur le march\u00e9 et que diff\u00e9rentes vari\u00e9t\u00e9s peuvent \u00eatre utilis\u00e9es dans le domaine du sans gluten certifi\u00e9. La torr\u00e9faction en...","protected":false},"author":1,"featured_media":3409,"parent":0,"menu_order":0,"comment_status":"closed","ping_status":"closed","template":"","meta":[],"_links":{"self":[{"href":"https:\/\/cerealveneta.it\/fr\/wp-json\/wp\/v2\/pages\/4360"}],"collection":[{"href":"https:\/\/cerealveneta.it\/fr\/wp-json\/wp\/v2\/pages"}],"about":[{"href":"https:\/\/cerealveneta.it\/fr\/wp-json\/wp\/v2\/types\/page"}],"author":[{"embeddable":true,"href":"https:\/\/cerealveneta.it\/fr\/wp-json\/wp\/v2\/users\/1"}],"replies":[{"embeddable":true,"href":"https:\/\/cerealveneta.it\/fr\/wp-json\/wp\/v2\/comments?post=4360"}],"version-history":[{"count":4,"href":"https:\/\/cerealveneta.it\/fr\/wp-json\/wp\/v2\/pages\/4360\/revisions"}],"predecessor-version":[{"id":5511,"href":"https:\/\/cerealveneta.it\/fr\/wp-json\/wp\/v2\/pages\/4360\/revisions\/5511"}],"wp:featuredmedia":[{"embeddable":true,"href":"https:\/\/cerealveneta.it\/fr\/wp-json\/wp\/v2\/media\/3409"}],"wp:attachment":[{"href":"https:\/\/cerealveneta.it\/fr\/wp-json\/wp\/v2\/media?parent=4360"}],"curies":[{"name":"wp","href":"https:\/\/api.w.org\/{rel}","templated":true}]}}