{"id":4283,"date":"2021-01-20T17:22:31","date_gmt":"2021-01-20T17:22:31","guid":{"rendered":"https:\/\/www.cerealveneta.it\/recherche-et-developpement\/"},"modified":"2025-06-30T09:56:16","modified_gmt":"2025-06-30T08:56:16","slug":"recherche-et-developpement","status":"publish","type":"page","link":"https:\/\/cerealveneta.it\/fr\/recherche-et-developpement\/","title":{"rendered":"Recherche et D\u00e9veloppement"},"content":{"rendered":"<section class=\"l-section wpb_row height_medium\"><div class=\"l-section-h i-cf\"><div class=\"g-cols vc_row via_flex valign_middle type_default stacking_default\"><div class=\"vc_col-sm-3 wpb_column vc_column_container us_animate_afl\"><div class=\"vc_column-inner\"><div class=\"wpb_wrapper\"><\/div><\/div><\/div><div class=\"vc_col-sm-6 wpb_column vc_column_container us_animate_fade\" style=\"animation-delay:0.3s\"><div class=\"vc_column-inner\"><div class=\"wpb_wrapper\"><div class=\"wpb_text_column\"><div class=\"wpb_wrapper\"><p style=\"text-align: center;\">Le d\u00e9veloppement d\u2019un nouveau produit, selon la philosophie d\u2019une qualit\u00e9 absolue, ne se compose pas uniquement de la partie technique et technologique du produit semi-fini; le d\u00e9veloppement implique aussi une <strong>fa\u00e7on<\/strong> de suivre les besoins du client \u00e0 chaque \u00e9tape du processus, en acc\u00e9l\u00e9rant le temps de r\u00e9ponse et lui offrant un <strong>service conseil efficace et professionnel.<\/strong><\/p>\n<\/div><\/div><\/div><\/div><\/div><div class=\"vc_col-sm-3 wpb_column vc_column_container\"><div class=\"vc_column-inner\"><div class=\"wpb_wrapper\"><\/div><\/div><\/div><\/div><\/div><\/section><section class=\"l-section wpb_row height_medium\"><div class=\"l-section-h i-cf\"><div class=\"g-cols vc_row via_flex valign_middle type_default stacking_default\"><div class=\"vc_col-sm-6 wpb_column vc_column_container us_animate_afb\" style=\"animation-delay:0.3s\"><div class=\"vc_column-inner\"><div class=\"wpb_wrapper\"><div class=\"w-image align_center\"><div class=\"w-image-h\"><img width=\"1200\" height=\"800\" src=\"https:\/\/cerealveneta.it\/wp-content\/uploads\/2025\/06\/qualifica.webp\" class=\"attachment-full size-full\" alt=\"\" loading=\"lazy\" srcset=\"https:\/\/cerealveneta.it\/wp-content\/uploads\/2025\/06\/qualifica.webp 1200w, https:\/\/cerealveneta.it\/wp-content\/uploads\/2025\/06\/qualifica-300x200.webp 300w, https:\/\/cerealveneta.it\/wp-content\/uploads\/2025\/06\/qualifica-1024x683.webp 1024w, https:\/\/cerealveneta.it\/wp-content\/uploads\/2025\/06\/qualifica-600x400.webp 600w\" sizes=\"(max-width: 1200px) 100vw, 1200px\" \/><\/div><\/div><\/div><\/div><\/div><div class=\"vc_col-sm-6 wpb_column vc_column_container us_animate_afr\"><div class=\"vc_column-inner\"><div class=\"wpb_wrapper\"><div class=\"wpb_text_column\"><div class=\"wpb_wrapper\"><h3>Qualification<\/h3>\n<p>Les besoins du client sont analys\u00e9s <strong>sous tous les angles<\/strong>, en examinant un grand nombre d\u2019informations telles que le type de mati\u00e8re premi\u00e8re demand\u00e9e et l\u2019application finale du produit fini. Sur la base de ces informations, on peut alors d\u00e9terminer<strong> les param\u00e8tres du processus et les caract\u00e9ristiques du produit<\/strong>, \u00e9l\u00e9ments indispensables pour la r\u00e9alisation du produit semi-fini demand\u00e9.<\/p>\n<\/div><\/div><\/div><\/div><\/div><\/div><\/div><\/section><!-- Row Backgrounds --><div class=\"upb_color\" data-bg-override=\"0\" data-bg-color=\"#f5f5f5\" data-fadeout=\"\" data-fadeout-percentage=\"30\" data-parallax-content=\"\" data-parallax-content-sense=\"30\" data-row-effect-mobile-disable=\"true\" data-img-parallax-mobile-disable=\"true\" data-rtl=\"false\"  data-custom-vc-row=\"\"  data-vc=\"6.9.0\"  data-is_old_vc=\"\"  data-theme-support=\"\"   data-overlay=\"false\" data-overlay-color=\"\" data-overlay-pattern=\"\" data-overlay-pattern-opacity=\"\" data-overlay-pattern-size=\"\"    ><\/div><section class=\"l-section wpb_row height_medium\"><div class=\"l-section-h i-cf\"><div class=\"g-cols vc_row via_flex valign_middle type_default reversed stacking_default\"><div class=\"vc_col-sm-6 wpb_column vc_column_container us_animate_afl\"><div class=\"vc_column-inner\"><div class=\"wpb_wrapper\"><div class=\"wpb_text_column\"><div class=\"wpb_wrapper\"><h3>D\u00e9veloppement<\/h3>\n<p>Lorsque l&rsquo;objectif du client est d\u00e9fini, des propositions de produit semi-fini sont d\u00e9velopp\u00e9es par des tests effectu\u00e9s sur <strong>nos installations pilote et dans notre laboratoire<\/strong>, o\u00f9 sont ex\u00e9cut\u00e9es des \u00e9tudes sur l&rsquo;application finale, sur le levage de produits de boulangerie, des tests de fabrication et de s\u00e9chage de granul\u00e9s et de p\u00e2tes alimentaires, des analyses colorim\u00e9triques et sensorielles sur les produits finis, des tests de vieillissement acc\u00e9l\u00e9r\u00e9 et des tests de v\u00e9rification technologique sur les propri\u00e9t\u00e9s \u00e9paississantes et structurantes des produits semi-finis trait\u00e9s. Ces essais technologiques et analytiques ont pour objectif <strong>d&rsquo;aider et de soutenir le client<\/strong> lors de la formulation de ses recettes et pour le rendement de la production.<\/p>\n<\/div><\/div><\/div><\/div><\/div><div class=\"vc_col-sm-6 wpb_column vc_column_container us_animate_afb\" style=\"animation-delay:0.3s\"><div class=\"vc_column-inner\"><div class=\"wpb_wrapper\"><div class=\"w-image align_center\"><div class=\"w-image-h\"><img width=\"1200\" height=\"800\" src=\"https:\/\/cerealveneta.it\/wp-content\/uploads\/2025\/06\/sviluppo.webp\" class=\"attachment-full size-full\" alt=\"\" loading=\"lazy\" srcset=\"https:\/\/cerealveneta.it\/wp-content\/uploads\/2025\/06\/sviluppo.webp 1200w, https:\/\/cerealveneta.it\/wp-content\/uploads\/2025\/06\/sviluppo-300x200.webp 300w, https:\/\/cerealveneta.it\/wp-content\/uploads\/2025\/06\/sviluppo-1024x683.webp 1024w, https:\/\/cerealveneta.it\/wp-content\/uploads\/2025\/06\/sviluppo-600x400.webp 600w\" sizes=\"(max-width: 1200px) 100vw, 1200px\" \/><\/div><\/div><\/div><\/div><\/div><\/div><\/div><\/section><section class=\"l-section wpb_row height_medium\"><div class=\"l-section-h i-cf\"><div class=\"g-cols vc_row via_flex valign_middle type_default stacking_default\"><div class=\"vc_col-sm-6 wpb_column vc_column_container us_animate_afb\" style=\"animation-delay:0.3s\"><div class=\"vc_column-inner\"><div class=\"wpb_wrapper\"><div class=\"w-image align_center\"><div class=\"w-image-h\"><img width=\"1200\" height=\"800\" src=\"https:\/\/cerealveneta.it\/wp-content\/uploads\/2025\/06\/supporto.webp\" class=\"attachment-full size-full\" alt=\"\" loading=\"lazy\" srcset=\"https:\/\/cerealveneta.it\/wp-content\/uploads\/2025\/06\/supporto.webp 1200w, https:\/\/cerealveneta.it\/wp-content\/uploads\/2025\/06\/supporto-300x200.webp 300w, https:\/\/cerealveneta.it\/wp-content\/uploads\/2025\/06\/supporto-1024x683.webp 1024w, https:\/\/cerealveneta.it\/wp-content\/uploads\/2025\/06\/supporto-600x400.webp 600w\" sizes=\"(max-width: 1200px) 100vw, 1200px\" \/><\/div><\/div><\/div><\/div><\/div><div class=\"vc_col-sm-6 wpb_column vc_column_container us_animate_afr\"><div class=\"vc_column-inner\"><div class=\"wpb_wrapper\"><div class=\"wpb_text_column\"><div class=\"wpb_wrapper\"><h3>Support<\/h3>\n<p>Le d\u00e9veloppement et la production d&rsquo;un nouveau produit semi-fini font l&rsquo;objet d&rsquo;un suivi en continu par le <strong>d\u00e9partement R&amp;D de CerealVeneta<\/strong>, qui se compose de 4 professionnels (un analyste de laboratoire, un technologue alimentaire et un biologiste, <strong>coordonn\u00e9s par Livio Fior<\/strong>, fondateur de CerealVeneta et responsable R&amp;D poss\u00e9dant plusieurs ann\u00e9es d&rsquo;exp\u00e9rience dans le secteur), qui suivent les requ\u00eates faites par le bureau commercial pour le d\u00e9veloppement de nouveaux projets. Ce groupe de personnes, en contact direct avec le client, \u00e9value les variations et les am\u00e9liorations possibles en donnant \u00e9galement des indications sur les tests effectu\u00e9s.<\/p>\n<\/div><\/div><\/div><\/div><\/div><\/div><\/div><\/section><!-- Row Backgrounds --><div class=\"upb_color\" data-bg-override=\"0\" data-bg-color=\"#f5f5f5\" data-fadeout=\"\" data-fadeout-percentage=\"30\" data-parallax-content=\"\" data-parallax-content-sense=\"30\" data-row-effect-mobile-disable=\"true\" data-img-parallax-mobile-disable=\"true\" data-rtl=\"false\"  data-custom-vc-row=\"\"  data-vc=\"6.9.0\"  data-is_old_vc=\"\"  data-theme-support=\"\"   data-overlay=\"false\" data-overlay-color=\"\" data-overlay-pattern=\"\" data-overlay-pattern-opacity=\"\" data-overlay-pattern-size=\"\"    ><\/div><section class=\"l-section wpb_row height_medium\"><div class=\"l-section-h i-cf\"><div class=\"g-cols vc_row via_flex valign_middle type_default reversed stacking_default\"><div class=\"vc_col-sm-6 wpb_column vc_column_container us_animate_afl\"><div class=\"vc_column-inner\"><div class=\"wpb_wrapper\"><div class=\"wpb_text_column\"><div class=\"wpb_wrapper\"><h3>Fabrication<\/h3>\n<p>Lorsque le produit semi-fini est enti\u00e8rement d\u00e9fini et personnalis\u00e9, on passe \u00e0 l&rsquo;\u00e9tape de la fabrication industrielle.<\/p>\n<p>Gr\u00e2ce \u00e0 des<strong> installations de tr\u00e8s haute technologie<\/strong> r\u00e9guli\u00e8rement renouvel\u00e9es et am\u00e9lior\u00e9es mais aussi <strong>capables de s&rsquo;adapter<\/strong> \u00e0 la fabrication de plusieurs types de produits semi-finis, il est possible de r\u00e9aliser \u00e0 grande \u00e9chelle ce qui a \u00e9t\u00e9 d\u00e9velopp\u00e9 en laboratoire.<\/p>\n<\/div><\/div><\/div><\/div><\/div><div class=\"vc_col-sm-6 wpb_column vc_column_container us_animate_afb\" style=\"animation-delay:0.3s\"><div class=\"vc_column-inner\"><div class=\"wpb_wrapper\"><div class=\"w-image align_center\"><div class=\"w-image-h\"><img width=\"1200\" height=\"800\" src=\"https:\/\/cerealveneta.it\/wp-content\/uploads\/2025\/06\/produzione.webp\" class=\"attachment-full size-full\" alt=\"\" loading=\"lazy\" srcset=\"https:\/\/cerealveneta.it\/wp-content\/uploads\/2025\/06\/produzione.webp 1200w, https:\/\/cerealveneta.it\/wp-content\/uploads\/2025\/06\/produzione-300x200.webp 300w, https:\/\/cerealveneta.it\/wp-content\/uploads\/2025\/06\/produzione-1024x683.webp 1024w, https:\/\/cerealveneta.it\/wp-content\/uploads\/2025\/06\/produzione-600x400.webp 600w\" sizes=\"(max-width: 1200px) 100vw, 1200px\" \/><\/div><\/div><\/div><\/div><\/div><\/div><\/div><\/section><section class=\"l-section wpb_row height_medium\"><div class=\"l-section-overlay\" style=\"background:#f5f5f5\"><\/div><div class=\"l-section-h i-cf\"><div class=\"g-cols vc_row via_flex valign_middle type_default stacking_default\"><div class=\"vc_col-sm-8 wpb_column vc_column_container\"><div class=\"vc_column-inner\"><div class=\"wpb_wrapper\"><div class=\"wpb_text_column\"><div class=\"wpb_wrapper\"><h4>CerealVeneta peut vous offrir le support n\u00e9cessaire pour le d\u00e9veloppement complet d&rsquo;un nouveau produit.<\/h4>\n<\/div><\/div><\/div><\/div><\/div><div class=\"vc_col-sm-4 wpb_column vc_column_container\"><div class=\"vc_column-inner\"><div class=\"wpb_wrapper\"><div class=\"w-btn-wrapper align_center\"><a class=\"w-btn us-btn-style_4\" href=\"https:\/\/cerealveneta.it\/fr\/produits-a-z\/?category=custom\"><span class=\"w-btn-label\">Consulter les produits Personnalis\u00e9s<\/span><\/a><\/div><\/div><\/div><\/div><\/div><\/div><\/section>\n","protected":false},"excerpt":{"rendered":"Le d\u00e9veloppement d\u2019un nouveau produit, selon la philosophie d\u2019une qualit\u00e9 absolue, ne se compose pas uniquement de la partie technique et technologique du produit semi-fini; le d\u00e9veloppement implique aussi une fa\u00e7on de suivre les besoins du client \u00e0 chaque \u00e9tape du processus, en acc\u00e9l\u00e9rant le temps de r\u00e9ponse et lui offrant un service conseil efficace...","protected":false},"author":1,"featured_media":4284,"parent":0,"menu_order":0,"comment_status":"closed","ping_status":"closed","template":"","meta":[],"_links":{"self":[{"href":"https:\/\/cerealveneta.it\/fr\/wp-json\/wp\/v2\/pages\/4283"}],"collection":[{"href":"https:\/\/cerealveneta.it\/fr\/wp-json\/wp\/v2\/pages"}],"about":[{"href":"https:\/\/cerealveneta.it\/fr\/wp-json\/wp\/v2\/types\/page"}],"author":[{"embeddable":true,"href":"https:\/\/cerealveneta.it\/fr\/wp-json\/wp\/v2\/users\/1"}],"replies":[{"embeddable":true,"href":"https:\/\/cerealveneta.it\/fr\/wp-json\/wp\/v2\/comments?post=4283"}],"version-history":[{"count":11,"href":"https:\/\/cerealveneta.it\/fr\/wp-json\/wp\/v2\/pages\/4283\/revisions"}],"predecessor-version":[{"id":9763,"href":"https:\/\/cerealveneta.it\/fr\/wp-json\/wp\/v2\/pages\/4283\/revisions\/9763"}],"wp:featuredmedia":[{"embeddable":true,"href":"https:\/\/cerealveneta.it\/fr\/wp-json\/wp\/v2\/media\/4284"}],"wp:attachment":[{"href":"https:\/\/cerealveneta.it\/fr\/wp-json\/wp\/v2\/media?parent=4283"}],"curies":[{"name":"wp","href":"https:\/\/api.w.org\/{rel}","templated":true}]}}